{"id":912,"date":"2011-07-31T19:00:28","date_gmt":"2011-07-31T16:00:28","guid":{"rendered":"http:\/\/www.neulakko.net\/?page_id=912"},"modified":"2011-07-31T19:12:30","modified_gmt":"2011-07-31T16:12:30","slug":"hunnun-pukeminen-2-how-to-wear-a-veil-2","status":"publish","type":"page","link":"https:\/\/neulakko.net\/?page_id=912","title":{"rendered":"Hunnun pukeminen 2 \/ How to wear a veil 2"},"content":{"rendered":"<h2>N\u00e4it\u00e4 tarvitset \/ You will need<\/h2>\n<figure id=\"attachment_913\" aria-describedby=\"caption-attachment-913\" style=\"width: 510px\" class=\"wp-caption aligncenter\"><a href=\"http:\/\/www.neulakko.net\/wp-content\/uploads\/2011\/07\/tarvikkeet.jpg\"><img loading=\"lazy\" decoding=\"async\" class=\"size-full wp-image-913\" title=\"tarvikkeet\" src=\"http:\/\/www.neulakko.net\/wp-content\/uploads\/2011\/07\/tarvikkeet.jpg\" alt=\"\" width=\"510\" height=\"382\" srcset=\"https:\/\/neulakko.net\/wp-content\/uploads\/2011\/07\/tarvikkeet.jpg 700w, https:\/\/neulakko.net\/wp-content\/uploads\/2011\/07\/tarvikkeet-300x225.jpg 300w\" sizes=\"auto, (max-width: 510px) 100vw, 510px\" \/><\/a><figcaption id=\"caption-attachment-913\" class=\"wp-caption-text\">Lyhty, ruukku, sakset ja koukku eiv\u00e4t ole tarpeen \/ You won&#39;t need a lantern, the hook, jug and scissors.<\/figcaption><\/figure>\n<ul>\n<li><strong>Huntu <\/strong>(t\u00e4ss\u00e4 py\u00f6re\u00e4 huntu, jonka halkaisija on 1m)<\/li>\n<li><strong>Leukaliina <\/strong>(t\u00e4ss\u00e4 50 x 90 cm suorakaide) ne on tehdy ohuesta hamppukankaasta mutta voit tehd\u00e4 ne my\u00f6s ohuesta pellavasta.<\/li>\n<\/ul>\n<p>Hunnun ja leukaliinan mittoja voi muutella oman makunsa mukaan, mutta on kannattavaa tehd\u00e4 hunnusta ennemmin liian iso kuin pieni. Py\u00f6re\u00e4 hamppuhuntu on suosikkini (hamppua k\u00e4ytettiin pellavan tavoin keskiajalla). Se on tehty<a href=\"http:\/\/www.medeltidsmode.se\/?p=webbshop&amp;product=242\"> Medeltidsmoden valikoimien kaikista ohuimmasta hamppukankaasta<\/a>, helma on rullap\u00e4\u00e4rm\u00e4tty pellavalangalla.<\/p>\n<ul>\n<li><strong>Neuloja<\/strong>. (T\u00e4h\u00e4n tyyliin tarvitaan 2 pidemp\u00e4\u00e4 ja 5 lyhytt\u00e4 neulaa.)<\/li>\n<\/ul>\n<p>Parhaita huntuneuloja ovat t\u00e4h\u00e4n tarkoitukseen valmistetut keskiaikaisten neulojen replikat. Huntuneuloissa on eroja ja k\u00e4ytt\u00e4jill\u00e4 erilaisia makuja niiden suhteen. Itse pid\u00e4n eniten messinkisist\u00e4, noin viisisenttisist\u00e4 ja mahdollisimman ter\u00e4vist\u00e4 neuloista. Huntuneuloja on hyv\u00e4 olla eri mittaisia eri tarkoitusten varalta. T\u00e4ss\u00e4 tyyliss\u00e4 tarvitset kaksi pidemp\u00e4\u00e4\u00c2\u00a0 (noin 7-9cm) ja viisi lyhyemp\u00e4\u00e4 (n. 5cm) neulaa.<\/p>\n<ul>\n<li><strong>Myssy<\/strong><\/li>\n<\/ul>\n<p>Hunnun pukemisessa on t\u00e4rkeint\u00e4, ett\u00e4 on hyv\u00e4 ja tukeva perusta, jolle huntukokonaisuuden rakentaa ja kiinnitt\u00e4\u00e4 neulat. Hyv\u00e4 perusta on myssy, esimerkiksi t\u00e4m\u00e4 <a href=\"http:\/\/pistoksissa.wordpress.com\/kasitoita\/pyhan-birgitan-myssy\/\">pyh\u00e4n Birgitan myssy<\/a> on aivan erinomainen pohja hunnulle.<\/p>\n<ul>\n<li><strong>Tekoletit<\/strong><\/li>\n<\/ul>\n<p>Oma lis\u00e4kkeeni on pellavaa ja tehty Lontoosta l\u00f6ydetyn lettilis\u00e4kkeen mallin mukaan. Lis\u00e4\u00e4 sen tekemisest\u00e4 ja alkuper\u00e4isest\u00e4 voit <a href=\"..\/wp-content\/uploads\/2010\/03\/Cornettes_final_neulakko.pdf\">lukea t\u00e4\u00e4lt\u00e4. <\/a><\/p>\n<p>&nbsp;<\/p>\n<ul>\n<li><em>A<strong> veil<\/strong> ( this one is a round veil, with a 1m diameter) <strong><\/strong><\/em><\/li>\n<li><em><strong>wimple<\/strong> (here a 50\u00c3\u201490 rectangle) these are made of very thin hemp but linen works just as well. <\/em><\/li>\n<\/ul>\n<p><em>Feel free to adjust the dimensions of your veil and wimple. However, it makes sense to make them rather big than small. This round hemp veil is my favourite one. Hemp is an excellent material, and was used like linen during the Middle Ages. This veil is made of the thinnest hemp from\u00c2\u00a0<a href=\"http:\/\/www.medeltidsmode.se\/?p=webbshop&amp;product=242\">Medeltidsmode<\/a> and the hem is rolled with linen thread.<br \/>\n<\/em><\/p>\n<ul>\n<li><em><strong>Veil pins<\/strong> (This style requires 2 longer pins and 5 shorter ones)<\/em><\/li>\n<\/ul>\n<p><em>The secret to successful wearing of veils is in the veil pins. I like my pins to be around 5 cm, brass and quite sharp. A selection of sizes and lenghts is good to have for different styles. The long pins here are about 9 cm, the short ones about 5 cm.<br \/>\n<\/em><\/p>\n<ul>\n<li><em><strong>A Cap<\/strong><br \/>\n<\/em><\/li>\n<\/ul>\n<p><em>An important thing to have is something to pin the entire headress on. A cap ala<a href=\"http:\/\/www.middelaldercentret.dk\/Projekter\/Tekstilprojekter\/konehue.html\"> St. Bridget<\/a> is really really good for this purpose.<\/em><\/p>\n<ul>\n<li><em><strong>Hairpiece aka fake braids<\/strong><br \/>\n<\/em><\/li>\n<\/ul>\n<p><em>\u00c2\u00a0Fashinable 14th century cornettes, now available also for those of us with shorter hair. For more on this hairpiece, <a href=\"..\/wp-content\/uploads\/2010\/03\/Cornettes_final_neulakko.pdf\">look here<\/a>. <\/em><\/p>\n<h2>Hunnun pukeminen \/ How to put on the veil<\/h2>\n<p>&nbsp;<\/p>\n<h3>Hunnun alle \/ Underpinnings<\/h3>\n<p>&nbsp;<\/p>\n<figure id=\"attachment_915\" aria-describedby=\"caption-attachment-915\" style=\"width: 524px\" class=\"wp-caption aligncenter\"><a href=\"http:\/\/www.neulakko.net\/wp-content\/uploads\/2011\/07\/1-myssy.jpg\"><img loading=\"lazy\" decoding=\"async\" class=\"size-full wp-image-915\" title=\"1 myssy\" src=\"http:\/\/www.neulakko.net\/wp-content\/uploads\/2011\/07\/1-myssy.jpg\" alt=\"\" width=\"524\" height=\"438\" srcset=\"https:\/\/neulakko.net\/wp-content\/uploads\/2011\/07\/1-myssy.jpg 700w, https:\/\/neulakko.net\/wp-content\/uploads\/2011\/07\/1-myssy-300x251.jpg 300w\" sizes=\"auto, (max-width: 524px) 100vw, 524px\" \/><\/a><figcaption id=\"caption-attachment-915\" class=\"wp-caption-text\">Myssy \/ the Cap<\/figcaption><\/figure>\n<p>Aloitetaan pukemalla myssy, joka sidotaan napakasti p\u00e4\u00e4n ymp\u00e4rille. Laita hiukset mahdollisimman hyvin myssyn sis\u00e4\u00e4n, my\u00f6s otsatukka. Poista korvikset (tosin t\u00e4m\u00e4 tyyli piilottaa eritt\u00e4in hyvin korvat). Mieluisinta pellavamyssy\u00e4\u00e4n ei muuten kannata k\u00e4ytt\u00e4\u00e4 uimalakkina rusehtavassa j\u00e4rvivedess\u00e4, ellei halua siihen kellert\u00e4v\u00e4\u00e4 s\u00e4vy\u00e4.<\/p>\n<p><em>We begin with putting on the cap, tying it on very snugly. Tuck your hair into the cap as neatly as possible<\/em>, <em>also your fringe<\/em>. <em>Remove any earrings, although with this style, your ears are very well hidden. It is also worth noting that you should really not use your favourite cap when swimming in a lake if you don&#8217;t want it to get this yellowish-brown tint. <\/em><\/p>\n<figure id=\"attachment_916\" aria-describedby=\"caption-attachment-916\" style=\"width: 501px\" class=\"wp-caption aligncenter\"><a href=\"http:\/\/www.neulakko.net\/wp-content\/uploads\/2011\/07\/2-letit.jpg\"><img loading=\"lazy\" decoding=\"async\" class=\"size-full wp-image-916\" title=\"2 letit\" src=\"http:\/\/www.neulakko.net\/wp-content\/uploads\/2011\/07\/2-letit.jpg\" alt=\"\" width=\"501\" height=\"375\" srcset=\"https:\/\/neulakko.net\/wp-content\/uploads\/2011\/07\/2-letit.jpg 700w, https:\/\/neulakko.net\/wp-content\/uploads\/2011\/07\/2-letit-300x225.jpg 300w\" sizes=\"auto, (max-width: 501px) 100vw, 501px\" \/><\/a><figcaption id=\"caption-attachment-916\" class=\"wp-caption-text\">Letit \/ Braid hairpiece<\/figcaption><\/figure>\n<p>Seuraavaksi puetaan letit. Nosta lettien nauha otsalta p\u00e4\u00e4laelle. Varmista, ett\u00e4 letit ovat suorassa ja tasaisesti. Lettien paino pit\u00e4\u00e4 ne melko hyvin paikallaan, mutta olen laittanut yhden neulan l\u00e4pi lettien lautanauhasta, myssyn nauhasta ja itse myssyst\u00e4. Se viimeistelee myssyn napakan kiinnityksen.<\/p>\n<p><em>Next we put on the braids. Lift the band of the braids off your forehead, onto the top of your head. Make sure the braids are even and sit nicely on both sides of your face. The weight of the braids keeps them usually in place quite well, but I like to put one pin through the band of the braids, the band on the cap and the cap itself. It keeps the cap nice and snug, too. <\/em><\/p>\n<p>&nbsp;<\/p>\n<h3>Leukaliina \/ The Wimple<\/h3>\n<figure id=\"attachment_917\" aria-describedby=\"caption-attachment-917\" style=\"width: 508px\" class=\"wp-caption aligncenter\"><a href=\"http:\/\/www.neulakko.net\/wp-content\/uploads\/2011\/07\/3-leukaliina.jpg\"><img loading=\"lazy\" decoding=\"async\" class=\"size-full wp-image-917\" title=\"3 leukaliina\" src=\"http:\/\/www.neulakko.net\/wp-content\/uploads\/2011\/07\/3-leukaliina.jpg\" alt=\"\" width=\"508\" height=\"381\" srcset=\"https:\/\/neulakko.net\/wp-content\/uploads\/2011\/07\/3-leukaliina.jpg 700w, https:\/\/neulakko.net\/wp-content\/uploads\/2011\/07\/3-leukaliina-300x225.jpg 300w\" sizes=\"auto, (max-width: 508px) 100vw, 508px\" \/><\/a><figcaption id=\"caption-attachment-917\" class=\"wp-caption-text\">Leukaliina auki \/ Wimple open<\/figcaption><\/figure>\n<p>Sitten otetaan esiin leukaliina, jolla on t\u00e4ss\u00e4 tyyliss\u00e4 t\u00e4rke\u00e4 rooli. Jos ei halua rullap\u00e4\u00e4rmett\u00e4 n\u00e4kyviin, voi yl\u00e4reunaa taittaa v\u00e4h\u00e4n, kuten kuvassa n\u00e4kyy. (N\u00e4iss\u00e4 kuvissa n\u00e4kyy my\u00f6s, miten mainion ohutta tuo hamppukangas onkaan!)<\/p>\n<p><em>Then we take out the wimple, which is a very important piece in this style. If you don&#8217;t want to display your rolled hem, you can fold it a bit, like you see in the picture. (This picture also shows how wonderfully thin this hemp is!)<\/em><\/p>\n<figure id=\"attachment_918\" aria-describedby=\"caption-attachment-918\" style=\"width: 507px\" class=\"wp-caption aligncenter\"><a href=\"http:\/\/www.neulakko.net\/wp-content\/uploads\/2011\/07\/4-sitominen.jpg\"><img loading=\"lazy\" decoding=\"async\" class=\"size-full wp-image-918\" title=\"4 sitominen\" src=\"http:\/\/www.neulakko.net\/wp-content\/uploads\/2011\/07\/4-sitominen.jpg\" alt=\"\" width=\"507\" height=\"433\" srcset=\"https:\/\/neulakko.net\/wp-content\/uploads\/2011\/07\/4-sitominen.jpg 700w, https:\/\/neulakko.net\/wp-content\/uploads\/2011\/07\/4-sitominen-300x256.jpg 300w\" sizes=\"auto, (max-width: 507px) 100vw, 507px\" \/><\/a><figcaption id=\"caption-attachment-918\" class=\"wp-caption-text\">Leukaliinan sitominen \/ Wrapping the wimple<\/figcaption><\/figure>\n<p>&nbsp;<\/p>\n<figure id=\"attachment_921\" aria-describedby=\"caption-attachment-921\" style=\"width: 513px\" class=\"wp-caption aligncenter\"><a href=\"http:\/\/www.neulakko.net\/wp-content\/uploads\/2011\/07\/5-leuka.jpg\"><img loading=\"lazy\" decoding=\"async\" class=\"size-full wp-image-921\" title=\"5 leuka\" src=\"http:\/\/www.neulakko.net\/wp-content\/uploads\/2011\/07\/5-leuka.jpg\" alt=\"\" width=\"513\" height=\"552\" \/><\/a><figcaption id=\"caption-attachment-921\" class=\"wp-caption-text\">Leukaliinan asettuminen \/ How to place the wimple<\/figcaption><\/figure>\n<p>Leukaliina sidotaan p\u00e4\u00e4n ymp\u00e4rille niin, ett\u00e4 reuna eli liinan keskiosa tulee leuan k\u00e4rkeen ja leukaliina kiinnittyy takaraivolle (suoraan p\u00e4\u00e4laelle sidottu leukaliina ei pysy yht\u00e4 napakasti paikallaan). Se kannattaa kiinnitt\u00e4\u00e4 aika tiukasti, sill\u00e4 se l\u00f6ystyy k\u00e4yt\u00f6ss\u00e4 aina hieman. Leukaliina kiinnitet\u00e4\u00e4n takaraivolle yhdell\u00e4 neulalla, jolla kiinnitet\u00e4\u00e4n liinan p\u00e4\u00e4t toisiinsa ja leukaliina itse myssyyn.<\/p>\n<p><em>Wrap the wimple around your head so that the middle of the wimple is placed at the tip of your chin and the ends of the wimple get pinned to the back of your head (note: not the top of your head, that way the fit of the wimple will be much droopier). Do wrap the wimple fairly tightly, as it does loosen a bit as the day goes on. Pin the wimple at the back of your head with one pin, securing both sides of the wimple together and both of them onto the cap.<br \/>\n<\/em><\/p>\n<p>&nbsp;<\/p>\n<figure id=\"attachment_922\" aria-describedby=\"caption-attachment-922\" style=\"width: 503px\" class=\"wp-caption aligncenter\"><a href=\"http:\/\/www.neulakko.net\/wp-content\/uploads\/2011\/07\/6-asettelu.jpg\"><img loading=\"lazy\" decoding=\"async\" class=\"size-full wp-image-922\" title=\"6 asettelu\" src=\"http:\/\/www.neulakko.net\/wp-content\/uploads\/2011\/07\/6-asettelu.jpg\" alt=\"\" width=\"503\" height=\"435\" srcset=\"https:\/\/neulakko.net\/wp-content\/uploads\/2011\/07\/6-asettelu.jpg 700w, https:\/\/neulakko.net\/wp-content\/uploads\/2011\/07\/6-asettelu-300x260.jpg 300w\" sizes=\"auto, (max-width: 503px) 100vw, 503px\" \/><\/a><figcaption id=\"caption-attachment-922\" class=\"wp-caption-text\">Lettien asettelu \/ Setting the braids<\/figcaption><\/figure>\n<p>Ved\u00e4 lettej\u00e4 pikkuisen ulos leukaliinan alta, mutta j\u00e4t\u00e4 p\u00e4\u00e4t kuitenkin tukevasti leukaliinan sis\u00e4lle. Lettien on hyv\u00e4 olla ainakin leukapituiset.<\/p>\n<p><em>Pull your braids out a bit from under the wimple so that they&#8217;re nice and visible, but do leave the ends safely inside the wimple. For this, the braids need to be at least chin lenght.<\/em><\/p>\n<figure id=\"attachment_923\" aria-describedby=\"caption-attachment-923\" style=\"width: 494px\" class=\"wp-caption aligncenter\"><a href=\"http:\/\/www.neulakko.net\/wp-content\/uploads\/2011\/07\/7-kaula-aukko.jpg\"><img loading=\"lazy\" decoding=\"async\" class=\"size-full wp-image-923\" title=\"7 kaula-aukko\" src=\"http:\/\/www.neulakko.net\/wp-content\/uploads\/2011\/07\/7-kaula-aukko.jpg\" alt=\"\" width=\"494\" height=\"404\" srcset=\"https:\/\/neulakko.net\/wp-content\/uploads\/2011\/07\/7-kaula-aukko.jpg 700w, https:\/\/neulakko.net\/wp-content\/uploads\/2011\/07\/7-kaula-aukko-300x245.jpg 300w\" sizes=\"auto, (max-width: 494px) 100vw, 494px\" \/><\/a><figcaption id=\"caption-attachment-923\" class=\"wp-caption-text\">Leukaliinan viimeistely \/ Finishing off the neckline<\/figcaption><\/figure>\n<p>Viimeistele leukaliina laittamalla sen reuna kaula-aukosta sis\u00e4\u00e4n.<\/p>\n<p><em>Finish the wimple by putting the lower edge into the neckline. <\/em><\/p>\n<p>&nbsp;<\/p>\n<h3>Huntu \/ The Veil<\/h3>\n<figure id=\"attachment_924\" aria-describedby=\"caption-attachment-924\" style=\"width: 468px\" class=\"wp-caption aligncenter\"><a href=\"http:\/\/www.neulakko.net\/wp-content\/uploads\/2011\/07\/8-huntu.jpg\"><img loading=\"lazy\" decoding=\"async\" class=\"size-full wp-image-924\" title=\"8 huntu\" src=\"http:\/\/www.neulakko.net\/wp-content\/uploads\/2011\/07\/8-huntu.jpg\" alt=\"\" width=\"468\" height=\"523\" \/><\/a><figcaption id=\"caption-attachment-924\" class=\"wp-caption-text\">Py\u00f6re\u00e4 huntu \/ the round veil<\/figcaption><\/figure>\n<p>Seuraavaksi otetaan esille huntu. Metrin halkaisijaltaan oleva huntu on aika iso, mutta taitettuna se ei p\u00e4\u00e4ss\u00e4 n\u00e4yt\u00e4 n\u00e4in j\u00e4ttim\u00e4iselle. Tykk\u00e4\u00e4n taittaa huntua edest\u00e4 ainakin pikkaisen, koska taitettua reunaa on mielest\u00e4ni helpompi asetella. Mutta se on makuasia.<\/p>\n<p><em>Next up,\u00c2\u00a0 take out the veil. A veil with a 100 cm diameter is quite large, but when folded a bit and properly placed on the head, it doesn&#8217;t look quite as large. I prefer to fold my veils at least a bit at the edge surrounding my face, since I find the folded edge much easier to set around my face. But it is a matter of taste. <\/em><\/p>\n<figure id=\"attachment_925\" aria-describedby=\"caption-attachment-925\" style=\"width: 486px\" class=\"wp-caption aligncenter\"><a href=\"http:\/\/www.neulakko.net\/wp-content\/uploads\/2011\/07\/9-taite.jpg\"><img loading=\"lazy\" decoding=\"async\" class=\"size-full wp-image-925\" title=\"9 taite\" src=\"http:\/\/www.neulakko.net\/wp-content\/uploads\/2011\/07\/9-taite.jpg\" alt=\"\" width=\"486\" height=\"341\" srcset=\"https:\/\/neulakko.net\/wp-content\/uploads\/2011\/07\/9-taite.jpg 700w, https:\/\/neulakko.net\/wp-content\/uploads\/2011\/07\/9-taite-300x210.jpg 300w\" sizes=\"auto, (max-width: 486px) 100vw, 486px\" \/><\/a><figcaption id=\"caption-attachment-925\" class=\"wp-caption-text\">Taita ja keskit\u00e4 \/ Fold and center<\/figcaption><\/figure>\n<p>Tee huntuun sopiva taite, reunaa voi taittaa hieman (kuten kuvasssa) tai hunnun voi taittaa vaikka puoliksi, v\u00e4h\u00e4n sen mukaan mit\u00e4 on aikeissa tehd\u00e4 ja miten pitk\u00e4 huntu tuntuu k\u00e4tev\u00e4lt\u00e4.\u00c2\u00a0 Keskit\u00e4 huntu mahdollisimman tarkasti niin, ett\u00e4 molemmilla puolilla kasvoja on yht\u00e4 paljon kangasta.<\/p>\n<p><em>Make a fold on the veil, you can fold it a bit (like in the picture above) or even fold the veil in half &#8211; depending on what you are planning to do during the day and what kind of veil seems suitable for that. Center the veil as well as possible, so that the ends sit evenly. <\/em><\/p>\n<figure id=\"attachment_927\" aria-describedby=\"caption-attachment-927\" style=\"width: 481px\" class=\"wp-caption aligncenter\"><a href=\"http:\/\/www.neulakko.net\/wp-content\/uploads\/2011\/07\/10-tasattu.jpg\"><img loading=\"lazy\" decoding=\"async\" class=\"size-full wp-image-927\" title=\"10 tasattu\" src=\"http:\/\/www.neulakko.net\/wp-content\/uploads\/2011\/07\/10-tasattu.jpg\" alt=\"\" width=\"481\" height=\"300\" srcset=\"https:\/\/neulakko.net\/wp-content\/uploads\/2011\/07\/10-tasattu.jpg 700w, https:\/\/neulakko.net\/wp-content\/uploads\/2011\/07\/10-tasattu-300x187.jpg 300w\" sizes=\"auto, (max-width: 481px) 100vw, 481px\" \/><\/a><figcaption id=\"caption-attachment-927\" class=\"wp-caption-text\">Asettele huntu tasan \/ Set the veil evenly<\/figcaption><\/figure>\n<p>&nbsp;<\/p>\n<figure id=\"attachment_928\" aria-describedby=\"caption-attachment-928\" style=\"width: 467px\" class=\"wp-caption aligncenter\"><a href=\"http:\/\/www.neulakko.net\/wp-content\/uploads\/2011\/07\/11-taite-.jpg\"><img loading=\"lazy\" decoding=\"async\" class=\"size-full wp-image-928\" title=\"11 taite\" src=\"http:\/\/www.neulakko.net\/wp-content\/uploads\/2011\/07\/11-taite-.jpg\" alt=\"\" width=\"467\" height=\"349\" srcset=\"https:\/\/neulakko.net\/wp-content\/uploads\/2011\/07\/11-taite-.jpg 700w, https:\/\/neulakko.net\/wp-content\/uploads\/2011\/07\/11-taite--300x225.jpg 300w\" sizes=\"auto, (max-width: 467px) 100vw, 467px\" \/><\/a><figcaption id=\"caption-attachment-928\" class=\"wp-caption-text\">Pieni taite p\u00e4\u00e4laella \/ a small fold on the top of the head<\/figcaption><\/figure>\n<p>Seuraavaksi tehd\u00e4\u00e4n pieni taite p\u00e4\u00e4laelle.<\/p>\n<p><em>Then you need to make a small fold on the top of your head. <\/em><\/p>\n<figure id=\"attachment_930\" aria-describedby=\"caption-attachment-930\" style=\"width: 485px\" class=\"wp-caption aligncenter\"><a href=\"http:\/\/www.neulakko.net\/wp-content\/uploads\/2011\/07\/12-iso-neula.jpg\"><img loading=\"lazy\" decoding=\"async\" class=\"size-full wp-image-930\" title=\"12 iso neula\" src=\"http:\/\/www.neulakko.net\/wp-content\/uploads\/2011\/07\/12-iso-neula.jpg\" alt=\"\" width=\"485\" height=\"325\" srcset=\"https:\/\/neulakko.net\/wp-content\/uploads\/2011\/07\/12-iso-neula.jpg 1058w, https:\/\/neulakko.net\/wp-content\/uploads\/2011\/07\/12-iso-neula-300x201.jpg 300w, https:\/\/neulakko.net\/wp-content\/uploads\/2011\/07\/12-iso-neula-1024x688.jpg 1024w\" sizes=\"auto, (max-width: 485px) 100vw, 485px\" \/><\/a><figcaption id=\"caption-attachment-930\" class=\"wp-caption-text\">Pidempi neula \/ Placing the longer needle<\/figcaption><\/figure>\n<p>&nbsp;<\/p>\n<p>Pitkill\u00e4 neuloilla kiinnitet\u00e4\u00e4n huntu letteihin ja letit huntuineen myssyyn. Ty\u00f6nn\u00e4 neula taitteen p\u00e4\u00e4lt\u00e4 l\u00e4pi hunnun, letin yl\u00e4p\u00e4\u00e4n ja myssyn. J\u00e4t\u00e4 ter\u00e4v\u00e4 p\u00e4\u00e4 hunnun alle. Kiinnit\u00e4 molemmat puolet samalla tavalla.<\/p>\n<p><em>The long pins are needed to fasten the veil to the braids and the veils and braid to the cap. Push the needle through the fold on the veil, through the top of the braids and the cap. Leave the sharp end under the veil.\u00c2\u00a0 Attach both sides. <\/em><\/p>\n<p>&nbsp;<\/p>\n<figure id=\"attachment_931\" aria-describedby=\"caption-attachment-931\" style=\"width: 484px\" class=\"wp-caption aligncenter\"><a href=\"http:\/\/www.neulakko.net\/wp-content\/uploads\/2011\/07\/13-pieni-neula.jpg\"><img loading=\"lazy\" decoding=\"async\" class=\"size-full wp-image-931\" title=\"13 pieni neula\" src=\"http:\/\/www.neulakko.net\/wp-content\/uploads\/2011\/07\/13-pieni-neula.jpg\" alt=\"\" width=\"484\" height=\"479\" \/><\/a><figcaption id=\"caption-attachment-931\" class=\"wp-caption-text\">Pinning the wimple to the veil \/ Hunnun kiinnitt\u00e4minen leukaliinaan<\/figcaption><\/figure>\n<p>Nyt on jo melkein valmista, mutta huntu pit\u00e4\u00e4 viel\u00e4 kiinnitt\u00e4\u00e4 leukaliinaan. Kiinnit\u00e4 hunnun alimmaiseksi j\u00e4\u00e4v\u00e4\u00e4n kerrokseen (ks. kuva) molemmille puolille yhdet neulat, joilla kiinnit\u00e4t hunnun leukaliinaan. T\u00e4ll\u00e4 neulalla voit my\u00f6s asetella letti\u00e4 halutessasi.<\/p>\n<p><em>Now we are almost done here, but the veil still needs to be fastened to the wimple. Place a pin on both sides of your face, attaching the bottom layer of the veil (see picture above) to the wimple. You can also set the braid a bit when placing these pins. <\/em><\/p>\n<p>&nbsp;<\/p>\n<figure id=\"attachment_932\" aria-describedby=\"caption-attachment-932\" style=\"width: 487px\" class=\"wp-caption aligncenter\"><a href=\"http:\/\/www.neulakko.net\/wp-content\/uploads\/2011\/07\/14-yl%C3%A4neula.jpg\"><img loading=\"lazy\" decoding=\"async\" class=\"size-full wp-image-932\" title=\"14 yl\u00e4neula\" src=\"http:\/\/www.neulakko.net\/wp-content\/uploads\/2011\/07\/14-yl%C3%A4neula.jpg\" alt=\"\" width=\"487\" height=\"365\" \/><\/a><figcaption id=\"caption-attachment-932\" class=\"wp-caption-text\">Neula p\u00e4\u00e4laelle \/ Pin on the top of the head<\/figcaption><\/figure>\n<p>Viimeistele p\u00e4\u00e4hine laittamalla yksi neula p\u00e4\u00e4n p\u00e4\u00e4lle. N\u00e4in tuuli ei p\u00e4\u00e4se p\u00f6llytt\u00e4m\u00e4\u00e4n huntua irti takaap\u00e4in puhaltamalla. T\u00e4ss\u00e4 voit my\u00f6s asetella hunnun etureunan niin, ettei myssy n\u00e4y (tai ainakaan myssyn naru).<\/p>\n<p>Oma myssy on n\u00e4iss\u00e4 kuvissa n\u00e4kyvill\u00e4, koska sit\u00e4 tarvitaan otsalla peitt\u00e4m\u00e4\u00e4n mahdollisimman hyvin se pikkuisen haasteellinen asia, ett\u00e4 n\u00e4it\u00e4 kuvia ottaessa minulla oli violetinpunaiset hiukset ja aika lyhyt, hyvin omap\u00e4inen otsatukka. (Olisitteko uskoneet?) Eik\u00e4 se myssy pahalta n\u00e4yt\u00e4, mutta sit\u00e4 en ole bongannut yhdest\u00e4k\u00e4\u00e4n maalauksesta tms.<\/p>\n<p><em>Finish off the headdress by placing one more pin at the top of the head. It helps keep the veil intact even if the wind were to blow from behind you. You can also finish off by setting the edge of the veil so that the edge of the cap is hidden, and the strap on the cap especially.<\/em><\/p>\n<p><em>The edge of my cap is visible in all these pictures, because I needed some extra coverage to hide the fact that when we took these pictures I had short purplish red hair with a very stubborn fringe. (Would you believe?) And the edge of the cap doesn&#8217;t look that bad, it&#8217;s just that I haven&#8217;t seen a similar thing on any medieval source.\u00c2\u00a0 <\/em><\/p>\n<h3><\/h3>\n<h3>Valmis huntu<\/h3>\n<p><a href=\"http:\/\/www.neulakko.net\/wp-content\/uploads\/2011\/07\/turkurajaus.jpg\"><img loading=\"lazy\" decoding=\"async\" class=\"aligncenter size-full wp-image-935\" title=\"turkurajaus\" src=\"http:\/\/www.neulakko.net\/wp-content\/uploads\/2011\/07\/turkurajaus.jpg\" alt=\"\" width=\"313\" height=\"394\" srcset=\"https:\/\/neulakko.net\/wp-content\/uploads\/2011\/07\/turkurajaus.jpg 500w, https:\/\/neulakko.net\/wp-content\/uploads\/2011\/07\/turkurajaus-238x300.jpg 238w\" sizes=\"auto, (max-width: 313px) 100vw, 313px\" \/><\/a><\/p>\n<p>T\u00e4lt\u00e4 sen pit\u00e4isi valmiina n\u00e4ytt\u00e4\u00e4.<\/p>\n<p><em>This is what it should look like when finished. <\/em><\/p>\n<p>&nbsp;<\/p>\n<p><a href=\"http:\/\/www.neulakko.net\/?page_id=251\">Takaisin huntusivulle \/ Back to the page on veils<\/a><\/p>\n<p><a href=\"\/\/www.pinterest.com\/pin\/create\/button\/\" data-pin-do=\"buttonBookmark\" data-pin-color=\"red\" data-pin-height=\"128\"><img decoding=\"async\" src=\"\/\/assets.pinterest.com\/images\/pidgets\/pinit_fg_en_rect_red_28.png\" \/><\/a><\/p>","protected":false},"excerpt":{"rendered":"<p>N\u00e4it\u00e4 tarvitset \/ You will need Huntu (t\u00e4ss\u00e4 py\u00f6re\u00e4 huntu, jonka halkaisija on 1m) Leukaliina (t\u00e4ss\u00e4 50 x 90 cm suorakaide) ne on tehdy ohuesta hamppukankaasta mutta voit tehd\u00e4 ne my\u00f6s ohuesta pellavasta. Hunnun ja leukaliinan mittoja voi muutella oman makunsa mukaan, mutta on kannattavaa tehd\u00e4 hunnusta ennemmin liian iso kuin pieni. Py\u00f6re\u00e4 hamppuhuntu on &hellip; <\/p>\n<p class=\"link-more\"><a href=\"https:\/\/neulakko.net\/?page_id=912\" class=\"more-link\">Jatka lukemista<span class=\"screen-reader-text\"> &#8221;Hunnun pukeminen 2 \/ How to wear a veil 2&#8221;<\/span><\/a><\/p>\n","protected":false},"author":2,"featured_media":0,"parent":251,"menu_order":0,"comment_status":"open","ping_status":"closed","template":"","meta":{"jetpack_post_was_ever_published":false,"footnotes":""},"class_list":["post-912","page","type-page","status-publish","hentry"],"jetpack_shortlink":"https:\/\/wp.me\/P3uIb4-eI","jetpack_sharing_enabled":true,"_links":{"self":[{"href":"https:\/\/neulakko.net\/index.php?rest_route=\/wp\/v2\/pages\/912","targetHints":{"allow":["GET"]}}],"collection":[{"href":"https:\/\/neulakko.net\/index.php?rest_route=\/wp\/v2\/pages"}],"about":[{"href":"https:\/\/neulakko.net\/index.php?rest_route=\/wp\/v2\/types\/page"}],"author":[{"embeddable":true,"href":"https:\/\/neulakko.net\/index.php?rest_route=\/wp\/v2\/users\/2"}],"replies":[{"embeddable":true,"href":"https:\/\/neulakko.net\/index.php?rest_route=%2Fwp%2Fv2%2Fcomments&post=912"}],"version-history":[{"count":11,"href":"https:\/\/neulakko.net\/index.php?rest_route=\/wp\/v2\/pages\/912\/revisions"}],"predecessor-version":[{"id":955,"href":"https:\/\/neulakko.net\/index.php?rest_route=\/wp\/v2\/pages\/912\/revisions\/955"}],"up":[{"embeddable":true,"href":"https:\/\/neulakko.net\/index.php?rest_route=\/wp\/v2\/pages\/251"}],"wp:attachment":[{"href":"https:\/\/neulakko.net\/index.php?rest_route=%2Fwp%2Fv2%2Fmedia&parent=912"}],"curies":[{"name":"wp","href":"https:\/\/api.w.org\/{rel}","templated":true}]}}