{"id":743,"date":"2011-04-03T12:04:30","date_gmt":"2011-04-03T09:04:30","guid":{"rendered":"http:\/\/www.neulakko.net\/?page_id=743"},"modified":"2011-04-03T12:35:30","modified_gmt":"2011-04-03T09:35:30","slug":"royhelohunnun-tarkkaaminen","status":"publish","type":"page","link":"https:\/\/neulakko.net\/?page_id=743","title":{"rendered":"R\u00f6yhel\u00f6hunnun t\u00e4rkk\u00e4\u00e4minen \/ Starching a frilled veil"},"content":{"rendered":"<p style=\"text-align: left;\">Keskiaikaisten r\u00f6yhel\u00f6huntujen valmistustavoista ei ole t\u00e4ysin varmaa tietoa. Osa r\u00f6yhel\u00f6ist\u00e4\u00c2\u00a0todenn\u00e4k\u00f6isesti kudottiin muotoonsa, toisissa kangasta rypytettiin r\u00f6yhel\u00f6ille eri tavoin ompeleiden avulla.<\/p>\n<p style=\"text-align: left;\">Minusta yksi kiinnostavimmista r\u00f6yhel\u00f6huntutyyleist\u00e4 on ns. salmiakkiruututyyli, jossa hunnun kerrokset muodostavat ter\u00e4v\u00e4reunaisen ruudukon pehmeiden ja py\u00f6reiden r\u00f6yhel\u00f6iden sijasta.<\/p>\n<p style=\"text-align: left;\">Siis niinkuin n\u00e4iss\u00e4 kahdessa englantilaisessa veistoksessa:<\/p>\n<p style=\"text-align: left;\"><em>There is no absolutely certain way of knowing how the frills in the medieval veils were made. Some frills were most likely woven as the fabric was made, other frills made by sewing the fabric together in different ways. <\/em><\/p>\n<p style=\"text-align: left;\"><em>One of my favourite styles is a very geometrical and edgy style, where the frills are shaped like little diamonds instead of soft and round frills. <\/em><\/p>\n<p style=\"text-align: left;\"><em>Like in these two english sculptures: <\/em><\/p>\n<p style=\"text-align: left;\">&nbsp;<\/p>\n<div class=\"mceTemp mceIEcenter\" style=\"text-align: left;\">\n<dl id=\"attachment_806\" class=\"wp-caption   aligncenter\" style=\"width: 310px;\">\n<dt class=\"wp-caption-dt\"><a href=\"http:\/\/www.neulakko.net\/wp-content\/uploads\/2011\/02\/mortimer2.jpg\"><img loading=\"lazy\" decoding=\"async\" class=\"size-medium wp-image-806 \" title=\"mortimer2\" src=\"http:\/\/www.neulakko.net\/wp-content\/uploads\/2011\/02\/mortimer2-300x276.jpg\" alt=\"\" width=\"300\" height=\"276\" srcset=\"https:\/\/neulakko.net\/wp-content\/uploads\/2011\/02\/mortimer2-300x276.jpg 300w, https:\/\/neulakko.net\/wp-content\/uploads\/2011\/02\/mortimer2.jpg 368w\" sizes=\"auto, (max-width: 300px) 100vw, 300px\" \/><\/a><\/dt>\n<dd class=\"wp-caption-dd\">Katherine Mortimerin hautamonumentti St. Mary&#8217;s, Warwick<\/dd>\n<\/dl>\n<\/div>\n<div class=\"mceTemp mceIEcenter\" style=\"text-align: left;\">\n<dl id=\"attachment_807\" class=\"wp-caption   aligncenter\" style=\"width: 247px;\">\n<dt class=\"wp-caption-dt\"><a href=\"http:\/\/www.neulakko.net\/wp-content\/uploads\/2011\/02\/burystedmunds.jpg\"><img loading=\"lazy\" decoding=\"async\" class=\"size-medium wp-image-807 \" title=\"burystedmunds\" src=\"http:\/\/www.neulakko.net\/wp-content\/uploads\/2011\/02\/burystedmunds-237x300.jpg\" alt=\"\" width=\"237\" height=\"300\" srcset=\"https:\/\/neulakko.net\/wp-content\/uploads\/2011\/02\/burystedmunds-237x300.jpg 237w, https:\/\/neulakko.net\/wp-content\/uploads\/2011\/02\/burystedmunds.jpg 263w\" sizes=\"auto, (max-width: 237px) 100vw, 237px\" \/><\/a><\/dt>\n<dd class=\"wp-caption-dd\">Naisen p\u00e4\u00e4, Bury St. Edmunds<\/dd>\n<\/dl>\n<\/div>\n<p style=\"text-align: left;\">&nbsp;<\/p>\n<p style=\"text-align: left;\">T\u00e4m\u00e4 tyyli oli tavoitteenani tehdess\u00e4ni rypytetty\u00e4 huntua itselleni. Materiaalina oli hyvin ohut hamppukangas Medeltidsmodesta, joka sopi tarkoitukseen mainiosti.<\/p>\n<p style=\"text-align: left;\">Varsinaisen r\u00f6yhel\u00f6n tein smokkaamalla hunajakennoa, eli honeycomb stitchi\u00e4. Siit\u00e4 l\u00f6ytyy varsin selvent\u00e4v\u00e4 kuva mm. t\u00e4\u00e4lt\u00e4 <a href=\"http:\/\/www.pleatworkembroidery.com\/stitches.php\">Pleatwork embroidery-sivulta.<\/a><\/p>\n<p style=\"text-align: left;\"><em>This style was my goal when making my new frilled veil. I used a very thin hemp fabric from Medeltidsmode, which suits the purpose really well. <\/em><\/p>\n<p style=\"text-align: left;\"><em>The frill was put together by honeycomb smocking, see <a href=\"http:\/\/www.pleatworkembroidery.com\/stitches.php\">Pleatwork embroidery<\/a> for a good how-to picture and more on smocking.<\/em><\/p>\n<p style=\"text-align: left;\">&nbsp;<\/p>\n<p style=\"text-align: left;\">Kun r\u00f6yhel\u00f6 oli valmis ja kiinnitetty huoliteltuun huntuun, oli aika saada r\u00f6yhel\u00f6 auki. Se k\u00e4y t\u00e4rkill\u00e4.<\/p>\n<p style=\"text-align: left;\">Kiehautin kokoon viljakasvipohjaisen t\u00e4rkin lahjakkaan yst\u00e4v\u00e4ni Jennin\/Margaretin salaisella reseptill\u00e4 HC-versiona. Itse tehdyn t\u00e4rkin yksi monista hyvist\u00e4 puolista on se, ett\u00e4 siit\u00e4 tulee paljon tym\u00e4k\u00e4mp\u00e4\u00e4 kuin kaupan t\u00e4rkist\u00e4.<br \/>\nValmis t\u00e4rkki muistuttaa ektoplasmaa. Levitin t\u00e4rkin ensin pensselill\u00e4 ja sitten sormilla vain hunnun r\u00f6yhel\u00f6reunaan. Sormet piti ottaa k\u00e4ytt\u00f6\u00f6n, ett\u00e4 t\u00e4rkki levi\u00e4isi kaikkiin kerroksiin ja rypyn pohjaan asti.<\/p>\n<p style=\"text-align: left;\"><em>When the frill was finished and sewn to the edge of the veil, it was time to open up the layers. This is where the starch comes in, <\/em><\/p>\n<p style=\"text-align: left;\"><em>I boiled up a hardcore version of my talented friend Jenni\/Margaret&#8217;s secret cereal (not breakfast cereal, but you know, cereal as in those plants. As in not rice or potato.) based starch recipe. Self-made starch is great as in it is far more hard when dry than the store versions. <\/em><\/p>\n<p style=\"text-align: left;\"><em>The finished starch is gooey like ectoplasm. I spread it onto the frill first with a brush and then with my fingers, pushing it into each opening in the honeycomb and onto all the layers. <\/em><\/p>\n<p style=\"text-align: left;\"><a href=\"http:\/\/www.neulakko.net\/wp-content\/uploads\/2011\/02\/levitys.jpg\"><img loading=\"lazy\" decoding=\"async\" class=\"aligncenter size-medium wp-image-744\" title=\"levitys\" src=\"http:\/\/www.neulakko.net\/wp-content\/uploads\/2011\/02\/levitys-287x300.jpg\" alt=\"\" width=\"287\" height=\"300\" srcset=\"https:\/\/neulakko.net\/wp-content\/uploads\/2011\/02\/levitys-287x300.jpg 287w, https:\/\/neulakko.net\/wp-content\/uploads\/2011\/02\/levitys.jpg 600w\" sizes=\"auto, (max-width: 287px) 100vw, 287px\" \/><\/a><\/p>\n<p style=\"text-align: left;\">T\u00e4ss\u00e4 avaan sormilla r\u00f6yhel\u00f6it\u00e4 ja tungen t\u00e4rkki\u00e4 ryppyjen pohjaan.<\/p>\n<p style=\"text-align: left;\"><em>This is me opening the frills and spreading starch onto all the frills.<\/em><\/p>\n<p style=\"text-align: left;\"><a href=\"http:\/\/www.neulakko.net\/wp-content\/uploads\/2011\/02\/levitys2.jpg\"><img loading=\"lazy\" decoding=\"async\" class=\"size-medium wp-image-745 aligncenter\" title=\"levitys2\" src=\"http:\/\/www.neulakko.net\/wp-content\/uploads\/2011\/02\/levitys2-230x300.jpg\" alt=\"\" width=\"230\" height=\"300\" srcset=\"https:\/\/neulakko.net\/wp-content\/uploads\/2011\/02\/levitys2-230x300.jpg 230w, https:\/\/neulakko.net\/wp-content\/uploads\/2011\/02\/levitys2.jpg 506w\" sizes=\"auto, (max-width: 230px) 100vw, 230px\" \/><\/a><\/p>\n<p style=\"text-align: left;\">Miten saada t\u00e4rk\u00e4tty huntu kuivumaan oikeaan muotoonsa oli koko huntuprojeketin suurin aivop\u00e4hkin\u00e4. Koska tavoitteena oli kulmikkaat r\u00f6yhel\u00f6t, r\u00f6yhel\u00f6iden asettaminen py\u00f6reiden keppien avulla kuten t\u00e4ss\u00e4 <a href=\"http:\/\/m-silkwork.blogspot.com\/2010\/05\/finished-swedish-frilled-veil.html\">Isiksen hienossa hunnussa<\/a> ei tullut kyseeseen. Neliskanttisiakaan keppej\u00e4 ei ollut aikaa tehd\u00e4, koska hunnun kuusi kerrosta olisivat vaatineet lukemattoman m\u00e4\u00e4r\u00e4n levittimi\u00e4.<\/p>\n<p style=\"text-align: left;\">Tovin luova pohdinta johti seuraavanlaiseen ratkaisuun.<\/p>\n<p style=\"text-align: left;\"><em>The biggest challenge was figuring out how to get the starched veil to dry into the correct shape. Because my goal was getting edgy frills, setting them with round wooden setting sticks like in this lovely veil by <\/em><a href=\"http:\/\/m-silkwork.blogspot.com\/2010\/05\/finished-swedish-frilled-veil.html\">Isis<\/a><em> would not work. Sticks in even a different shape were not an option because the schedule was tight, I had no one to make them and six layers of frill would have raquired a bit too many sticks.<\/em><\/p>\n<p style=\"text-align: left;\"><em>So this is the creative solution I came to.<br \/>\n<\/em><\/p>\n<p style=\"text-align: left;\">Huom:\u00c2\u00a0 en voi mitenk\u00e4\u00e4n sanoa, ett\u00e4 n\u00e4in se keskiajalla tehtiin, koska asiasta ei ole mink\u00e4\u00e4nlaista varmuutta. L\u00e4hdin t\u00e4ss\u00e4 siit\u00e4 ett\u00e4 tiesin milt\u00e4 keskiaikainen lopputulos on suurin piirtein n\u00e4ytt\u00e4nyt ja sit\u00e4 l\u00e4hdin tavoittelemaan.<\/p>\n<p style=\"text-align: left;\">Otin kaksi sohvatyyny\u00e4 (suojattuna t\u00e4rkkitahroilta eleganteilla j\u00e4tes\u00e4keill\u00e4), asettelin hunnun niiden v\u00e4liin (huntuosa j\u00e4i niiden v\u00e4liin.) Venytin hunnun auki nuppineulojen avulla reunoista niin, ett\u00e4 reunasta tuli kulmikas ja asettelin sormilla sisempien kerrosten ruudut auki. Kun t\u00e4rk\u00e4tty huntu oli ehtinyt t\u00e4h\u00e4n menness\u00e4 tahmeaksi, se oli aika helppoa.<\/p>\n<p style=\"text-align: left;\"><em>Note: there is no way in which I can claim this is what they did in the middle ages. This is my reasoning to obtain a visual effect that looks like the medieval sculpture. <\/em><\/p>\n<p style=\"text-align: left;\"><em>I took two sofa cushions (and put them in plastic bags to save them from starch stains, very elegant), set the veil between them and opened up the frill by pinning the veil from the edges to the pillows so that the layers open and the edges become &#8217;edgy&#8217; like in the examples. Then I used my fingers to shape the inner layers. As the frill was a little sticky with the starch that had just started to dry, it was pretty easy to mold.<\/em><\/p>\n<p style=\"text-align: left;\">&nbsp;<\/p>\n<p style=\"text-align: left;\"><a href=\"http:\/\/www.neulakko.net\/wp-content\/uploads\/2011\/02\/neulattuna.jpg\"><img loading=\"lazy\" decoding=\"async\" class=\"aligncenter size-medium wp-image-746\" title=\"neulattuna\" src=\"http:\/\/www.neulakko.net\/wp-content\/uploads\/2011\/02\/neulattuna-300x225.jpg\" alt=\"\" width=\"300\" height=\"225\" srcset=\"https:\/\/neulakko.net\/wp-content\/uploads\/2011\/02\/neulattuna-300x225.jpg 300w, https:\/\/neulakko.net\/wp-content\/uploads\/2011\/02\/neulattuna.jpg 700w\" sizes=\"auto, (max-width: 300px) 100vw, 300px\" \/><\/a><\/p>\n<p style=\"text-align: left;\">T\u00e4ss\u00e4 t\u00e4rk\u00e4tty huntu valmiiksi levitettyn\u00e4 kuivumaan.<\/p>\n<p style=\"text-align: left;\"><em> A closeup of the starched veil, ready to dry. <\/em><\/p>\n<p style=\"text-align: left;\"><a href=\"http:\/\/www.neulakko.net\/wp-content\/uploads\/2011\/02\/rakenne-neulat2.jpg\"><img loading=\"lazy\" decoding=\"async\" class=\"aligncenter size-medium wp-image-747\" title=\"rakenne neulat2\" src=\"http:\/\/www.neulakko.net\/wp-content\/uploads\/2011\/02\/rakenne-neulat2-300x239.jpg\" alt=\"\" width=\"300\" height=\"239\" \/><\/a><\/p>\n<p style=\"text-align: left;\">R\u00f6yhel\u00f6iden asettelu ja kiinnitt\u00e4minen silitt\u00e4m\u00e4ll\u00e4 ei ole dokumentoitavissa harrastamalleni aikakaudelle, mutta se auttaa todella paljon siin\u00e4, ett\u00e4 t\u00e4rkki pit\u00e4\u00e4 muotonsa.<\/p>\n<p style=\"text-align: left;\">Kolmiulotteista ruudukkoa on vaikea ruveta silitt\u00e4m\u00e4\u00e4n, joten t\u00e4ss\u00e4 tuli avuksi keskiajallakin tunnettu suomalainen innovaatio: sauna. Sauna p\u00e4\u00e4lle ja huntu muutamaksi tunniksi saunaan ja kuivumaan j\u00e4lkil\u00e4mp\u00f6\u00f6n.<\/p>\n<p style=\"text-align: left;\"><em>Although I cannot document setting frills with heat to my very favourite century, it is terribly practical as it helps the starch set even better. <\/em><\/p>\n<p style=\"text-align: left;\"><em>A complex honeycomb isn&#8217;t really very easy to iron, so I put into use a finnish innovation that was already known in the middle ages: the sauna. The veil got to set in a hot sauna for a few hours and then settle in as it cooled down.<br \/>\n<\/em><\/p>\n<p style=\"text-align: left;\"><a href=\"http:\/\/www.neulakko.net\/wp-content\/uploads\/2011\/02\/sauna.jpg\"><img loading=\"lazy\" decoding=\"async\" class=\"aligncenter size-medium wp-image-748\" title=\"sauna\" src=\"http:\/\/www.neulakko.net\/wp-content\/uploads\/2011\/02\/sauna-300x217.jpg\" alt=\"\" width=\"300\" height=\"217\" srcset=\"https:\/\/neulakko.net\/wp-content\/uploads\/2011\/02\/sauna-300x217.jpg 300w, https:\/\/neulakko.net\/wp-content\/uploads\/2011\/02\/sauna.jpg 700w\" sizes=\"auto, (max-width: 300px) 100vw, 300px\" \/><\/a><\/p>\n<p style=\"text-align: left;\">Valmis ja kuiva huntu on t\u00e4rk\u00e4tyist\u00e4 osistaan kuin paperia tai pahvia. Kovaa ja napakkaa. Hyv\u00e4 ett\u00e4 se roikottamalla py\u00f6ristyy edes v\u00e4h\u00e4n.<\/p>\n<p style=\"text-align: left;\"><em>The finished starched veil is very hard, like paper or cardboard. It hardly hangs when I hold it. <\/em><\/p>\n<p style=\"text-align: left;\"><a href=\"http:\/\/www.neulakko.net\/wp-content\/uploads\/2011\/02\/valmiskova.jpg\"><img loading=\"lazy\" decoding=\"async\" class=\"aligncenter size-medium wp-image-749\" title=\"valmiskova\" src=\"http:\/\/www.neulakko.net\/wp-content\/uploads\/2011\/02\/valmiskova-300x141.jpg\" alt=\"\" width=\"300\" height=\"141\" srcset=\"https:\/\/neulakko.net\/wp-content\/uploads\/2011\/02\/valmiskova-300x141.jpg 300w, https:\/\/neulakko.net\/wp-content\/uploads\/2011\/02\/valmiskova.jpg 700w\" sizes=\"auto, (max-width: 300px) 100vw, 300px\" \/><\/a><\/p>\n<p style=\"text-align: left;\">Neulaamalla hunnun myssyyn se kuitenkin asettuu samalla tavalla kuin Katherinella yll\u00e4.<\/p>\n<p style=\"text-align: left;\">Tykk\u00e4\u00e4n lopputuloksesta niin, ett\u00e4 mieli tekee lis\u00e4\u00e4 mit\u00e4 erilaisimpia huntuja. Tietenkin.<\/p>\n<p style=\"text-align: left;\"><em>When I pin it to my cap it settles into a round shape like Katherine&#8217;s veil above. <\/em><\/p>\n<p style=\"text-align: left;\"><em>I really like how it turned out. Which makes me naturally want all sorts of new frilled veils.<br \/>\n<\/em><\/p>\n<p style=\"text-align: left;\"><a href=\"http:\/\/www.neulakko.net\/wp-content\/uploads\/2010\/12\/laureli2.jpg\"><img loading=\"lazy\" decoding=\"async\" class=\"aligncenter size-medium wp-image-645\" title=\"laureli2\" src=\"http:\/\/www.neulakko.net\/wp-content\/uploads\/2010\/12\/laureli2-213x300.jpg\" alt=\"\" width=\"213\" height=\"300\" srcset=\"https:\/\/neulakko.net\/wp-content\/uploads\/2010\/12\/laureli2-213x300.jpg 213w, https:\/\/neulakko.net\/wp-content\/uploads\/2010\/12\/laureli2-728x1024.jpg 728w, https:\/\/neulakko.net\/wp-content\/uploads\/2010\/12\/laureli2.jpg 1781w\" sizes=\"auto, (max-width: 213px) 100vw, 213px\" \/><\/a><\/p>\n<p><a href=\"\/\/www.pinterest.com\/pin\/create\/button\/\" data-pin-do=\"buttonBookmark\" data-pin-color=\"red\" data-pin-height=\"128\"><img decoding=\"async\" src=\"\/\/assets.pinterest.com\/images\/pidgets\/pinit_fg_en_rect_red_28.png\" \/><\/a><\/p>","protected":false},"excerpt":{"rendered":"<p>Keskiaikaisten r\u00f6yhel\u00f6huntujen valmistustavoista ei ole t\u00e4ysin varmaa tietoa. Osa r\u00f6yhel\u00f6ist\u00e4\u00c2\u00a0todenn\u00e4k\u00f6isesti kudottiin muotoonsa, toisissa kangasta rypytettiin r\u00f6yhel\u00f6ille eri tavoin ompeleiden avulla. Minusta yksi kiinnostavimmista r\u00f6yhel\u00f6huntutyyleist\u00e4 on ns. salmiakkiruututyyli, jossa hunnun kerrokset muodostavat ter\u00e4v\u00e4reunaisen ruudukon pehmeiden ja py\u00f6reiden r\u00f6yhel\u00f6iden sijasta. Siis niinkuin n\u00e4iss\u00e4 kahdessa englantilaisessa veistoksessa: There is no absolutely certain way of knowing how the frills &hellip; <\/p>\n<p class=\"link-more\"><a href=\"https:\/\/neulakko.net\/?page_id=743\" class=\"more-link\">Jatka lukemista<span class=\"screen-reader-text\"> &#8221;R\u00f6yhel\u00f6hunnun t\u00e4rkk\u00e4\u00e4minen \/ Starching a frilled veil&#8221;<\/span><\/a><\/p>\n","protected":false},"author":2,"featured_media":0,"parent":4,"menu_order":0,"comment_status":"open","ping_status":"closed","template":"","meta":{"jetpack_post_was_ever_published":false,"footnotes":""},"class_list":["post-743","page","type-page","status-publish","hentry"],"jetpack_shortlink":"https:\/\/wp.me\/P3uIb4-bZ","jetpack_sharing_enabled":true,"_links":{"self":[{"href":"https:\/\/neulakko.net\/index.php?rest_route=\/wp\/v2\/pages\/743","targetHints":{"allow":["GET"]}}],"collection":[{"href":"https:\/\/neulakko.net\/index.php?rest_route=\/wp\/v2\/pages"}],"about":[{"href":"https:\/\/neulakko.net\/index.php?rest_route=\/wp\/v2\/types\/page"}],"author":[{"embeddable":true,"href":"https:\/\/neulakko.net\/index.php?rest_route=\/wp\/v2\/users\/2"}],"replies":[{"embeddable":true,"href":"https:\/\/neulakko.net\/index.php?rest_route=%2Fwp%2Fv2%2Fcomments&post=743"}],"version-history":[{"count":6,"href":"https:\/\/neulakko.net\/index.php?rest_route=\/wp\/v2\/pages\/743\/revisions"}],"predecessor-version":[{"id":811,"href":"https:\/\/neulakko.net\/index.php?rest_route=\/wp\/v2\/pages\/743\/revisions\/811"}],"up":[{"embeddable":true,"href":"https:\/\/neulakko.net\/index.php?rest_route=\/wp\/v2\/pages\/4"}],"wp:attachment":[{"href":"https:\/\/neulakko.net\/index.php?rest_route=%2Fwp%2Fv2%2Fmedia&parent=743"}],"curies":[{"name":"wp","href":"https:\/\/api.w.org\/{rel}","templated":true}]}}