{"id":63,"date":"2008-05-04T17:05:15","date_gmt":"2008-05-04T14:05:15","guid":{"rendered":"http:\/\/www.neulakko.net\/?page_id=63"},"modified":"2020-07-13T13:42:19","modified_gmt":"2020-07-13T10:42:19","slug":"linkkeja","status":"publish","type":"page","link":"https:\/\/neulakko.net\/?page_id=63","title":{"rendered":"Linkkej\u00e4"},"content":{"rendered":"<p><strong>Linkkej\u00e4<\/strong><\/p>\n<p>Linkit avautuvat uuteen ikkunaan\/v\u00e4lilehteen. Pyrin pit\u00e4m\u00e4\u00e4n linkit ajan tasalla ja lis\u00e4\u00e4n illoin t\u00e4ll\u00f6in t\u00e4nne uutta t\u00f6rm\u00e4tess\u00e4ni johonkin mainioon. Tarkkaile my\u00f6s Neulakon blogin linkit-aihekategoriaa ja facebook-sivua.&#8217;<\/p>\n<p><em><strong>Huom! Linkit ovat aika vanhoja, joten voi olla ett\u00e4 monet eiv\u00e4t toimi.<\/strong><\/em><\/p>\n<blockquote><p><strong>Taidetta<\/strong><\/p>\n<p><a href=\"http:\/\/www.personal.utulsa.edu\/~marc-carlson\/cloth\/bockhome.html\" target=\"_blank\" rel=\"noopener noreferrer\">The Book of Hourse of Duc de Berry<\/a><br \/>\nBerryn herttuan kuuluisa &#8221;Book of Hours&#8221;. Jokaiselle kuukaudelle oma kuva, joissa on ranskalaista 1400-luvun maalaisel\u00e4m\u00e4\u00e4.<\/p>\n<p><a href=\"http:\/\/image.ox.ac.uk\/show?collection=bodleian&amp;manuscript=msbodl264\" target=\"_blank\" rel=\"noopener noreferrer\">Romance of Alexander<\/a><br \/>\nRomance of Alexander. Todella kaunis 1300-luvun puoliv\u00e4lin englantilainen k\u00e4sikirjoitus, jonka marginaalit vilisev\u00e4t el\u00e4m\u00e4\u00e4 ja detaljeja.<\/p>\n<p><a href=\"http:\/\/www.bnf.fr\/enluminures\/manuscrits\/aman5.htm\" target=\"_blank\" rel=\"noopener noreferrer\">http:\/\/www.bnf.fr\/enluminures\/manuscrits\/aman5.htm<\/a><br \/>\nRanskan suuret kronikat.<\/p>\n<p><a href=\"http:\/\/www.medievaltymes.com\/courtyard\/maciejowski_bible.htm\">Maciejowski-Raamattu<br \/>\n<\/a>Maciejowski-Raamattu n. 1250. Paljon yksityiskohtia, mm. kalusteita ja vaatteita.<\/p>\n<p><a href=\"http:\/\/www.nls.uk\/murthlyhours\/index.html\">Murthly Hours<br \/>\n<\/a>Skotlannin kansallismuseossa. Noin 1280. <a href=\"http:\/\/www.nls.uk\/murthlyhours\/index.html\"><br \/>\n<\/a><\/p>\n<p><strong>Museoita<br \/>\n<\/strong><br \/>\nMonista n\u00e4ist\u00e4 museoista on kuvia <a href=\"http:\/\/www.neulakko.net\/galleria\/\">Neulakon kuvagalleriassa. <\/a><\/p>\n<p><a href=\"http:\/\/www.historiska.se\/\">Historiska Museet<\/a><br \/>\nHistoriska museet eli historiallinen museo Tukholmassa.<\/p>\n<p><a href=\"http:\/\/www.medeltidsmuseet.stockholm.se\/\" target=\"_blank\" rel=\"noopener noreferrer\">Medeltidsmuseet<\/a><br \/>\nKeskiaikamuseo Tukholmassa, uusittu vuonna 2010. Kiva museokauppa, jossa paljon hy\u00f6dyllist\u00e4.<\/p>\n<p><a href=\"http:\/\/www.musee-moyenage.fr\/homes\/home_id20392_u1l2.htm\" target=\"_blank\" rel=\"noopener noreferrer\">Cluny<\/a><br \/>\nPariisilainen keskiaikamuseo Cluny<\/p>\n<p><a href=\"http:\/\/www.middelaldercentret.dk\/index.html\" target=\"_blank\" rel=\"noopener noreferrer\">Middelaldercentret<\/a><br \/>\nTanskalainen &#8217;kokeellinen museo&#8217;, keskiaikainen kyl\u00e4 taloineen ja asukkaineen.<\/p>\n<p><a href=\"http:\/\/www.musee-des-tissus.com\/\" target=\"_blank\" rel=\"noopener noreferrer\">Musee des Tissus<\/a><br \/>\nRanskalainen tekstiilimuseo, jossa on mm. kuuluisa Charles de Blois&#8217;in takki<\/p>\n<p><a href=\"http:\/\/www.aboavetusarsnova.fi\/\" target=\"_blank\" rel=\"noopener noreferrer\">Aboa Vetus (ja Ars Nova)<\/a><br \/>\nEsittelee el\u00e4m\u00e4\u00e4 keskiajan Turussa, my\u00f6s vaihtuvia n\u00e4yttelyit\u00e4. Yl\u00e4kerrassa modernia taidetta. Yksi Suomen houkuttelevimmista kirjakaupoista, paljon keskiaikaa k\u00e4sittelevi\u00e4 teoksia.<\/p>\n<p><a href=\"http:\/\/www.nationalmuseet.dk\/\" target=\"_blank\" rel=\"noopener noreferrer\">Nationalmuseet<\/a><br \/>\nTanskan kansallismuseo. Jos olet K\u00f6\u00f6penhaminassa, \u00e4l\u00e4 j\u00e4t\u00e4 v\u00e4liin! Aivan mainio keskiaikakokoelma, jossa on paljon arkip\u00e4iv\u00e4isi\u00e4 esineit\u00e4 &#8211; ja mik\u00e4 parasta: kuvia saa ottaa!<\/p>\n<p><a href=\"http:\/\/www.museumoflondon.org.uk\/English\/\">Museum of London<br \/>\n<\/a>Lontoon kaupunginmuseo, monen Medieval excavations from London- kirjasarjasta tunnetun keskiaikaisen tekstiili- ja muiden l\u00f6yt\u00f6jen koti.<\/p>\n<p><a href=\"http:\/\/www.vam.ac.uk\/collections\/textiles\/index.html\">Victoria &amp; Albert Museum<\/a><br \/>\nVictoria and Albert -museon tekstiilipuoli.<\/p>\n<p><strong>Arkeologiaa<\/strong><\/p>\n<p><a href=\"http:\/\/www.personal.utulsa.edu\/~marc-carlson\/cloth\/bockhome.html\" target=\"_blank\" rel=\"noopener noreferrer\">Marc I. Carlsonin kotisivut<\/a><br \/>\nAivan korvaamaton sivu, jossa on viivapiirrokset l\u00e4hes kaikista Euroopasta l\u00f6ytyneist\u00e4 keskiaikaisista vaatteista. Kannattaa kuitenkin muistaa, ett\u00e4 kaikki kaavat eiv\u00e4t ole v\u00e4ltt\u00e4m\u00e4tt\u00e4 ihan oikein piirretty. Samoilla sivuilla on my\u00f6s hyv\u00e4 sivu keskiaikaisista kengist\u00e4.<\/p>\n<p><strong>Kauppoja<\/strong><\/p>\n<p><a href=\"http:\/\/www.historiskarum.se\/\">Historiska rum \/ Historical Rooms<\/a><br \/>\nRuotsalainen keskiaikatarvikkeiden myyj\u00e4, kaikkea tarpeellista. Valikoimissa upeita, mutta jokseenkin hintavia brokadireproduktioita. Handelsgilletin j\u00e4lkel\u00e4inen. Sivut aukeavat kev\u00e4\u00e4ll\u00e4 2009.<\/p>\n<p><a href=\"http:\/\/www.handelsgillet.se\">Handelsgillet <\/a><br \/>\nRuotsalainen keskiaikatarvikekauppa, jonka valikoimissa on mainioita kankaita, parhaita huntuneuloja ja ehdotonta ompeluvahaa. My\u00f6s hyvi\u00e4 kirjoja ynn\u00e4 muuta! Kannattaa k\u00e4yd\u00e4 tutustumassa!<\/p>\n<p><a href=\"http:\/\/www.billyandcharlie.com\/\" target=\"_blank\" rel=\"noopener noreferrer\">Billy and Charlie<\/a><br \/>\nLaaja valikoima tinatavaraa, solkia,&nbsp; nappeja, vy\u00f6koristeita yms. Olen tilannut t\u00e4\u00e4lt\u00e4 vy\u00f6niittini, joiden laatu on ollut mielest\u00e4ni mainio.<\/p>\n<p><a href=\"http:\/\/www.medieval-market.biz\/\">Spes Medieval Market<\/a><br \/>\nPuolalainen kauppa jossa haarniskoja, vaatteita, huonekaluja, telttoja ynn\u00e4 muuta. Hyv\u00e4 palvelu.<\/p>\n<p><strong>Yhteis\u00f6t<\/strong><\/p>\n<p><a href=\"http:\/\/www.albrechts.se\">Albrechts B\u00f6ssor<\/a><br \/>\nRuotsalainen 1300-luvun loppua suurella pieteetill\u00e4 el\u00e4v\u00f6itt\u00e4v\u00e4 ryhm\u00e4.<\/p>\n<p><a href=\"http:\/\/www.nesat.org\">NESAT<\/a><br \/>\nPohjois-eurooppalaisten arkeologisten tekstiilien tutkimusta jo vuodesta 1981.<\/p><\/blockquote>\n<p><a href=\"\/\/www.pinterest.com\/pin\/create\/button\/\" data-pin-do=\"buttonBookmark\" data-pin-color=\"red\" data-pin-height=\"128\"><img decoding=\"async\" src=\"\/\/assets.pinterest.com\/images\/pidgets\/pinit_fg_en_rect_red_28.png\" \/><\/a><\/p>","protected":false},"excerpt":{"rendered":"<p>Linkkej\u00e4 Linkit avautuvat uuteen ikkunaan\/v\u00e4lilehteen. Pyrin pit\u00e4m\u00e4\u00e4n linkit ajan tasalla ja lis\u00e4\u00e4n illoin t\u00e4ll\u00f6in t\u00e4nne uutta t\u00f6rm\u00e4tess\u00e4ni johonkin mainioon. Tarkkaile my\u00f6s Neulakon blogin linkit-aihekategoriaa ja facebook-sivua.&#8217; Huom! Linkit ovat aika vanhoja, joten voi olla ett\u00e4 monet eiv\u00e4t toimi. Taidetta The Book of Hourse of Duc de Berry Berryn herttuan kuuluisa &#8221;Book of Hours&#8221;. Jokaiselle kuukaudelle &hellip; <\/p>\n<p class=\"link-more\"><a href=\"https:\/\/neulakko.net\/?page_id=63\" class=\"more-link\">Jatka lukemista<span class=\"screen-reader-text\"> &#8221;Linkkej\u00e4&#8221;<\/span><\/a><\/p>\n","protected":false},"author":2,"featured_media":0,"parent":6,"menu_order":0,"comment_status":"open","ping_status":"closed","template":"","meta":{"jetpack_post_was_ever_published":false,"footnotes":""},"class_list":["post-63","page","type-page","status-publish","hentry"],"jetpack_shortlink":"https:\/\/wp.me\/P3uIb4-11","jetpack_sharing_enabled":true,"_links":{"self":[{"href":"https:\/\/neulakko.net\/index.php?rest_route=\/wp\/v2\/pages\/63","targetHints":{"allow":["GET"]}}],"collection":[{"href":"https:\/\/neulakko.net\/index.php?rest_route=\/wp\/v2\/pages"}],"about":[{"href":"https:\/\/neulakko.net\/index.php?rest_route=\/wp\/v2\/types\/page"}],"author":[{"embeddable":true,"href":"https:\/\/neulakko.net\/index.php?rest_route=\/wp\/v2\/users\/2"}],"replies":[{"embeddable":true,"href":"https:\/\/neulakko.net\/index.php?rest_route=%2Fwp%2Fv2%2Fcomments&post=63"}],"version-history":[{"count":8,"href":"https:\/\/neulakko.net\/index.php?rest_route=\/wp\/v2\/pages\/63\/revisions"}],"predecessor-version":[{"id":63111,"href":"https:\/\/neulakko.net\/index.php?rest_route=\/wp\/v2\/pages\/63\/revisions\/63111"}],"up":[{"embeddable":true,"href":"https:\/\/neulakko.net\/index.php?rest_route=\/wp\/v2\/pages\/6"}],"wp:attachment":[{"href":"https:\/\/neulakko.net\/index.php?rest_route=%2Fwp%2Fv2%2Fmedia&parent=63"}],"curies":[{"name":"wp","href":"https:\/\/api.w.org\/{rel}","templated":true}]}}