{"id":62,"date":"2008-05-04T17:04:50","date_gmt":"2008-05-04T14:04:50","guid":{"rendered":"http:\/\/www.neulakko.net\/?page_id=62"},"modified":"2009-03-19T21:41:37","modified_gmt":"2009-03-19T18:41:37","slug":"kirjoja","status":"publish","type":"page","link":"https:\/\/neulakko.net\/?page_id=62","title":{"rendered":"Kirjoja"},"content":{"rendered":"<p>N\u00e4it\u00e4 kirjoja voi etsi\u00e4 yliopistojen kirjastoista sek\u00e4 esimerkiksi (pian) <a href=\"http:\/\/www.historiskarum.se\/\">Historiska rum<\/a>:ista tai <a href=\"http:\/\/www.amazon.com\">Amazonista<\/a>.<\/p>\n<p>Harvinaiset ja mahdottomat saada olen merkannut erikseen. Tarkkaile my\u00f6s Neulakon blogin Kirjat-aihekategoriaa. Sinne p\u00e4ivittyv\u00e4t tuoreimmat lukukokemukset.<\/p>\n<p>Kirjoitan t\u00e4nne lyhyit\u00e4 arvioita kirjoista ja niiden hy\u00f6dyllisimm\u00e4st\u00e4 annista. <strong>Voit j\u00e4tt\u00e4\u00e4 omat kommenttisi <\/strong>kirjasta (ja lukea muiden kommentteja) klikkaamalla kirjan kuvaa!<\/p>\n<p>T\u00e4ll\u00e4 sivulla on asettelu voi olla p\u00e4in Persjolfsnesia, koska WordPress on ankea, eik\u00e4 usko ett\u00e4 rivinvaihto on rivinvaihto&#8230;. (grrr!)<br \/>\n***<\/p>\n<p><strong><a id=\"p75\" rel=\"attachment\" class=\"imagelink\" title=\"textiles_clothing.gif\" href=\"http:\/\/www.neulakko.net\/?attachment_id=75\"><img decoding=\"async\" title=\"textiles_clothing.gif\" id=\"image75\" alt=\"textiles_clothing.gif\" src=\"http:\/\/www.neulakko.net\/wp-content\/uploads\/2008\/05\/textiles_clothing.thumbnail.gif\" \/><\/a><\/strong><\/p>\n<p><strong>Textiles and Clothing, c.1150-c.1450. <\/strong>(Medieval Finds from Excavations in London: 4) Crowfoot, Elisabeth&#038; Pritchard, Frances &#038; Staniland, Kay. (2001) Boydell Press, Woodbridge.<\/p>\n<p><strong><a id=\"p68\" rel=\"attachment\" class=\"imagelink\" title=\"gyllenekjortel.gif\" href=\"http:\/\/www.neulakko.net\/?attachment_id=68\"><img decoding=\"async\" title=\"gyllenekjortel.gif\" id=\"image68\" alt=\"gyllenekjortel.gif\" src=\"http:\/\/www.neulakko.net\/wp-content\/uploads\/2008\/05\/gyllenekjortel.thumbnail.gif\" \/><\/a><\/strong><\/p>\n<p><strong>Drottning Margaretas Gyllene kjortel i Uppsala domkyrka. <\/strong>Geijer, Agnes &#038; Franzen, Anne Marie &#038; Nockert Margareta (1994) Kungliga vitterhets historie och antikvitets akademien, Stockholm.<\/p>\n<p><strong><a title=\"fashion_black_prince.gif\" class=\"imagelink\" rel=\"attachment\" id=\"p66\" href=\"http:\/\/www.neulakko.net\/?attachment_id=66\"><img decoding=\"async\" alt=\"fashion_black_prince.gif\" id=\"image66\" title=\"fashion_black_prince.gif\" src=\"http:\/\/www.neulakko.net\/wp-content\/uploads\/2008\/05\/fashion_black_prince.thumbnail.gif\" \/><\/a><\/strong><\/p>\n<p><strong>Fashion in the Age of the Black Prince.<\/strong> A Study of the years 1340-1365. Newton, Stella Mary (1980)  Boydell Press, Woodbridge.<\/p>\n<p><strong>Bockstenmannen och hans dr\u00e4kt.<\/strong> Nockert, Margareta (1985). Stiftelsen Hallands l\u00e4nsmuseer, Halmstad and Varberg<\/p>\n<p><strong><a title=\"med_clothing_tex1.gif\" class=\"imagelink\" rel=\"attachment\" id=\"p72\" href=\"http:\/\/www.neulakko.net\/?attachment_id=72\"><img decoding=\"async\" alt=\"med_clothing_tex1.gif\" id=\"image72\" src=\"http:\/\/www.neulakko.net\/wp-content\/uploads\/2008\/05\/med_clothing_tex1.thumbnail.gif\" \/><\/a><\/strong><\/p>\n<p style=\"font-weight: bold\">Medieval Clothing and Textiles 1<\/p>\n<p><a title=\"klaerogformsprak.gif\" class=\"imagelink\" rel=\"attachment\" id=\"p70\" href=\"http:\/\/www.neulakko.net\/?attachment_id=70\"><img decoding=\"async\" alt=\"klaerogformsprak.gif\" id=\"image70\" src=\"http:\/\/www.neulakko.net\/wp-content\/uploads\/2008\/05\/klaerogformsprak.thumbnail.gif\" \/><\/a><\/p>\n<p><span style=\"font-weight: bold\">Kl\u00c3\u00a6r og formspr\u00c3\u00a5k i norsk middelalder<\/span>. Marianne Vedeler<\/p>\n<p><a title=\"prydnadssommar.gif\" class=\"imagelink\" rel=\"attachment\" id=\"p73\" href=\"http:\/\/www.neulakko.net\/?attachment_id=73\"><img decoding=\"async\" alt=\"prydnadssommar.gif\" id=\"image73\" src=\"http:\/\/www.neulakko.net\/wp-content\/uploads\/2008\/05\/prydnadssommar.thumbnail.gif\" \/><\/a><\/p>\n<p><span style=\"font-weight: bold\">Prydnadss\u00f6mmar under medeltiden<\/span>. Anne Marie Franz\u00c3\u00a9n<\/p>\n<p><a title=\"dressaccessories.gif\" class=\"imagelink\" rel=\"attachment\" id=\"p65\" href=\"http:\/\/www.neulakko.net\/?attachment_id=65\"><img decoding=\"async\" alt=\"dressaccessories.gif\" id=\"image65\" src=\"http:\/\/www.neulakko.net\/wp-content\/uploads\/2008\/05\/dressaccessories.thumbnail.gif\" \/><\/a><\/p>\n<p><span style=\"font-weight: bold\">Dress Accessories<\/span> 1150-1450. Geoff Egan and Frances Pritchard<\/p>\n<p><a title=\"shoespattens.gif\" class=\"imagelink\" rel=\"attachment\" id=\"p74\" href=\"http:\/\/www.neulakko.net\/?attachment_id=74\"><img decoding=\"async\" alt=\"shoespattens.gif\" id=\"image74\" src=\"http:\/\/www.neulakko.net\/wp-content\/uploads\/2008\/05\/shoespattens.thumbnail.gif\" \/><\/a><\/p>\n<p><span style=\"font-weight: bold\">Shoes and Pattens<\/span>. Francis Grew and Margrethe de Neergaard<\/p>\n<p><a title=\"woven.gif\" class=\"imagelink\" rel=\"attachment\" id=\"p77\" href=\"http:\/\/www.neulakko.net\/?attachment_id=77\"><img decoding=\"async\" alt=\"woven.gif\" id=\"image77\" src=\"http:\/\/www.neulakko.net\/wp-content\/uploads\/2008\/05\/woven.thumbnail.gif\" \/><\/a><\/p>\n<p><span style=\"font-weight: bold\">Woven into the earth.<\/span> Else \u00c3\u02dcsterg\u00c3\u00a5rd.<\/p>\n<p><a title=\"margrete.gif\" class=\"imagelink\" rel=\"attachment\" id=\"p71\" href=\"http:\/\/www.neulakko.net\/?attachment_id=71\"><img decoding=\"async\" alt=\"margrete.gif\" id=\"image71\" src=\"http:\/\/www.neulakko.net\/wp-content\/uploads\/2008\/05\/margrete.thumbnail.gif\" \/><\/a><\/p>\n<p><span style=\"font-weight: bold\">Margrete I <\/span>&#8211; Regent of the North (The Kalmar Union 600 Years).<\/p>\n<p><a title=\"klader_manniskan.gif\" class=\"imagelink\" rel=\"attachment\" id=\"p69\" href=\"http:\/\/www.neulakko.net\/?attachment_id=69\"><img decoding=\"async\" alt=\"klader_manniskan.gif\" id=\"image69\" src=\"http:\/\/www.neulakko.net\/wp-content\/uploads\/2008\/05\/klader_manniskan.thumbnail.gif\" \/><\/a><\/p>\n<p><span style=\"font-weight: bold\">Kl\u00e4derna och m\u00e4nniskan i medeltidens Sverige och Norge<\/span>. Eva Andersson<\/p>\n<p>Buried Norsemen at Herjolfsnes: an archaeological and historical study.&#8221; Meddelelser om Gronland: Udgivne af Kommissionen for ledelsen af de geologiske og geogrfiske undersogelser i Gronland. N\u00c3\u00b8rlund, Poul (1924) Bind LXVII. C.A. Reitzel, Copenhagen.<br \/>\n(Melkein mahdoton saada, tosi harvinainen)<\/p>\n<p>Dress in the Middle Ages. Piponnier, Francoise &#038; Mane, Perrine (1997). Yale University Press, New Haven and London. Translated by Caroline Beamish.<\/p>\n<p><a href=\"\/\/www.pinterest.com\/pin\/create\/button\/\" data-pin-do=\"buttonBookmark\" data-pin-color=\"red\" data-pin-height=\"128\"><img decoding=\"async\" src=\"\/\/assets.pinterest.com\/images\/pidgets\/pinit_fg_en_rect_red_28.png\" \/><\/a><\/p>","protected":false},"excerpt":{"rendered":"<p>N\u00e4it\u00e4 kirjoja voi etsi\u00e4 yliopistojen kirjastoista sek\u00e4 esimerkiksi (pian) Historiska rum:ista tai Amazonista. Harvinaiset ja mahdottomat saada olen merkannut erikseen. Tarkkaile my\u00f6s Neulakon blogin Kirjat-aihekategoriaa. Sinne p\u00e4ivittyv\u00e4t tuoreimmat lukukokemukset. Kirjoitan t\u00e4nne lyhyit\u00e4 arvioita kirjoista ja niiden hy\u00f6dyllisimm\u00e4st\u00e4 annista. Voit j\u00e4tt\u00e4\u00e4 omat kommenttisi kirjasta (ja lukea muiden kommentteja) klikkaamalla kirjan kuvaa! T\u00e4ll\u00e4 sivulla on asettelu voi &hellip; <\/p>\n<p class=\"link-more\"><a href=\"https:\/\/neulakko.net\/?page_id=62\" class=\"more-link\">Jatka lukemista<span class=\"screen-reader-text\"> &#8221;Kirjoja&#8221;<\/span><\/a><\/p>\n","protected":false},"author":2,"featured_media":0,"parent":6,"menu_order":0,"comment_status":"open","ping_status":"closed","template":"","meta":{"jetpack_post_was_ever_published":false,"footnotes":""},"class_list":["post-62","page","type-page","status-publish","hentry"],"jetpack_shortlink":"https:\/\/wp.me\/P3uIb4-10","jetpack_sharing_enabled":true,"_links":{"self":[{"href":"https:\/\/neulakko.net\/index.php?rest_route=\/wp\/v2\/pages\/62","targetHints":{"allow":["GET"]}}],"collection":[{"href":"https:\/\/neulakko.net\/index.php?rest_route=\/wp\/v2\/pages"}],"about":[{"href":"https:\/\/neulakko.net\/index.php?rest_route=\/wp\/v2\/types\/page"}],"author":[{"embeddable":true,"href":"https:\/\/neulakko.net\/index.php?rest_route=\/wp\/v2\/users\/2"}],"replies":[{"embeddable":true,"href":"https:\/\/neulakko.net\/index.php?rest_route=%2Fwp%2Fv2%2Fcomments&post=62"}],"version-history":[{"count":0,"href":"https:\/\/neulakko.net\/index.php?rest_route=\/wp\/v2\/pages\/62\/revisions"}],"up":[{"embeddable":true,"href":"https:\/\/neulakko.net\/index.php?rest_route=\/wp\/v2\/pages\/6"}],"wp:attachment":[{"href":"https:\/\/neulakko.net\/index.php?rest_route=%2Fwp%2Fv2%2Fmedia&parent=62"}],"curies":[{"name":"wp","href":"https:\/\/api.w.org\/{rel}","templated":true}]}}