{"id":5,"date":"2007-05-16T19:35:50","date_gmt":"2007-05-16T16:35:50","guid":{"rendered":"http:\/\/www.neulakko.net\/?page_id=5"},"modified":"2020-07-13T13:43:49","modified_gmt":"2020-07-13T10:43:49","slug":"kuvia","status":"publish","type":"page","link":"https:\/\/neulakko.net\/?page_id=5","title":{"rendered":"Kuvia"},"content":{"rendered":"<p><strong>Kuvia valmiista k\u00e4sity\u00f6projekteista: <\/strong><\/p>\n<p><a href=\"http:\/\/www.neulakko.net\/?page_id=275\">Galleria valmiista projekteista<\/a>, eli mit\u00e4 kaikkea olen neulakoidessani saanut aikaiseksi<strong><br \/>\n<\/strong><\/p>\n<p><a href=\"http:\/\/www.neulakko.net\/galleria\/thumbnails.php?album=8\">&nbsp;<\/a><\/p>\n<p><a href=\"\/\/www.pinterest.com\/pin\/create\/button\/\" data-pin-do=\"buttonBookmark\" data-pin-color=\"red\" data-pin-height=\"128\"><img decoding=\"async\" src=\"\/\/assets.pinterest.com\/images\/pidgets\/pinit_fg_en_rect_red_28.png\" \/><\/a><\/p>","protected":false},"excerpt":{"rendered":"<p>Kuvia valmiista k\u00e4sity\u00f6projekteista: Galleria valmiista projekteista, eli mit\u00e4 kaikkea olen neulakoidessani saanut aikaiseksi &nbsp;<\/p>\n","protected":false},"author":2,"featured_media":0,"parent":0,"menu_order":0,"comment_status":"open","ping_status":"closed","template":"","meta":{"jetpack_post_was_ever_published":false,"footnotes":""},"class_list":["post-5","page","type-page","status-publish","hentry"],"jetpack_shortlink":"https:\/\/wp.me\/P3uIb4-5","jetpack_sharing_enabled":true,"_links":{"self":[{"href":"https:\/\/neulakko.net\/index.php?rest_route=\/wp\/v2\/pages\/5","targetHints":{"allow":["GET"]}}],"collection":[{"href":"https:\/\/neulakko.net\/index.php?rest_route=\/wp\/v2\/pages"}],"about":[{"href":"https:\/\/neulakko.net\/index.php?rest_route=\/wp\/v2\/types\/page"}],"author":[{"embeddable":true,"href":"https:\/\/neulakko.net\/index.php?rest_route=\/wp\/v2\/users\/2"}],"replies":[{"embeddable":true,"href":"https:\/\/neulakko.net\/index.php?rest_route=%2Fwp%2Fv2%2Fcomments&post=5"}],"version-history":[{"count":4,"href":"https:\/\/neulakko.net\/index.php?rest_route=\/wp\/v2\/pages\/5\/revisions"}],"predecessor-version":[{"id":63112,"href":"https:\/\/neulakko.net\/index.php?rest_route=\/wp\/v2\/pages\/5\/revisions\/63112"}],"wp:attachment":[{"href":"https:\/\/neulakko.net\/index.php?rest_route=%2Fwp%2Fv2%2Fmedia&parent=5"}],"curies":[{"name":"wp","href":"https:\/\/api.w.org\/{rel}","templated":true}]}}