{"id":3,"date":"2007-05-16T19:35:21","date_gmt":"2007-05-16T16:35:21","guid":{"rendered":"http:\/\/www.neulakko.net\/?page_id=3"},"modified":"2010-03-21T17:16:19","modified_gmt":"2010-03-21T15:16:19","slug":"kirjoituksia","status":"publish","type":"page","link":"https:\/\/neulakko.net\/?page_id=3","title":{"rendered":"Kirjoituksia"},"content":{"rendered":"<p><a href=\"http:\/\/www.neulakko.net\/wp-content\/uploads\/2010\/03\/Cornettes_final_neulakko.pdf\">Cornettes-irtoletit \/ Cornettes &#8211; a 14th century hairpiece<\/a> (PDF In English)<br \/>\nOpin paljon uusia taitoja: kasviv\u00e4rj\u00e4yst\u00e4, lautanauhan tekemist\u00e4 ja pellavakuidun k\u00e4sittely\u00e4. Lopputulos on hiuslis\u00e4ke, jolla saa koketit ja muodikkaat letit.<\/p>\n<p><a href=\"http:\/\/www.neulakko.net\/wp-content\/uploads\/2009\/10\/gown_finalneulakko.pdf\">P\u00e4\u00e4llysmekko irrotettavilla napeilla \/ Gown with detachable buttons <\/a>(PDF In English)<br \/>\nOsallistuin syksyll\u00e4 2009 k\u00e4sity\u00f6kilpailuun t\u00e4ll\u00e4 mekolla. Dokumentaatiosssa on asiaa mekoista, materiaaletista, napeista ja kaavoista. Mukana my\u00f6s kuvat ja kirjallisuus- ym. l\u00e4hdeluettelo. <a href=\"http:\/\/www.neulakko.net\/?page_id=45\"><\/a><\/p>\n<p><a href=\"http:\/\/www.neulakko.net\/?page_id=45\"><br \/>\nVaatteet tekev\u00e4t miehen ja naisen <\/a><br \/>\nArtikkeli sukupuolieroista pukeutumisessa. Alunperin julkaistu Suomen Keskiaikaseuran Aarniwalcea-lehden erikoisnumerossa vuonna 2008.<\/p>\n<p><a href=\"http:\/\/www.neulakko.net\/?page_id=152\">Napitettu huppu kirjotulla nauhalla \/ Buttoned hood with an embroidered band<\/a> (englanniksi \/ in english)<br \/>\nOsallistuin kes\u00e4ll\u00e4 2008 k\u00e4sity\u00f6kilpailuun napitetulla hupulla. Sen dokumentaatiosssa on asiaa hupuista, naisten hupuista ja kirjonnasta. Kuvat ja kirjallisuusluettelo l\u00f6ytyv\u00e4t pdf-tiedostosta artikkelin lopusta.<\/p>\n<p><a href=\"http:\/\/www.neulakko.net\/?page_id=299\">Huolellinen pakkaaminen tekee keskiaikatapahtumasta mukavan <\/a><br \/>\nArtikkeli pakkaamisesta erityisesti uusille harrastajille. Se kertoo, mit\u00e4 keskiaikatapahtumaan kannattaa ottaa mukaan.<\/p>\n<p><a id=\"p342\" href=\"http:\/\/www.neulakko.net\/wp-content\/uploads\/2009\/10\/Overgowndocumentation.pdf\"><br \/>\n<\/a><\/p>\n<p><a href=\"\/\/www.pinterest.com\/pin\/create\/button\/\" data-pin-do=\"buttonBookmark\" data-pin-color=\"red\" data-pin-height=\"128\"><img decoding=\"async\" src=\"\/\/assets.pinterest.com\/images\/pidgets\/pinit_fg_en_rect_red_28.png\" \/><\/a><\/p>","protected":false},"excerpt":{"rendered":"<p>Cornettes-irtoletit \/ Cornettes &#8211; a 14th century hairpiece (PDF In English) Opin paljon uusia taitoja: kasviv\u00e4rj\u00e4yst\u00e4, lautanauhan tekemist\u00e4 ja pellavakuidun k\u00e4sittely\u00e4. Lopputulos on hiuslis\u00e4ke, jolla saa koketit ja muodikkaat letit. P\u00e4\u00e4llysmekko irrotettavilla napeilla \/ Gown with detachable buttons (PDF In English) Osallistuin syksyll\u00e4 2009 k\u00e4sity\u00f6kilpailuun t\u00e4ll\u00e4 mekolla. Dokumentaatiosssa on asiaa mekoista, materiaaletista, napeista ja kaavoista. &hellip; <\/p>\n<p class=\"link-more\"><a href=\"https:\/\/neulakko.net\/?page_id=3\" class=\"more-link\">Jatka lukemista<span class=\"screen-reader-text\"> &#8221;Kirjoituksia&#8221;<\/span><\/a><\/p>\n","protected":false},"author":2,"featured_media":0,"parent":0,"menu_order":0,"comment_status":"open","ping_status":"closed","template":"","meta":{"jetpack_post_was_ever_published":false,"footnotes":""},"class_list":["post-3","page","type-page","status-publish","hentry"],"jetpack_shortlink":"https:\/\/wp.me\/P3uIb4-3","jetpack_sharing_enabled":true,"_links":{"self":[{"href":"https:\/\/neulakko.net\/index.php?rest_route=\/wp\/v2\/pages\/3","targetHints":{"allow":["GET"]}}],"collection":[{"href":"https:\/\/neulakko.net\/index.php?rest_route=\/wp\/v2\/pages"}],"about":[{"href":"https:\/\/neulakko.net\/index.php?rest_route=\/wp\/v2\/types\/page"}],"author":[{"embeddable":true,"href":"https:\/\/neulakko.net\/index.php?rest_route=\/wp\/v2\/users\/2"}],"replies":[{"embeddable":true,"href":"https:\/\/neulakko.net\/index.php?rest_route=%2Fwp%2Fv2%2Fcomments&post=3"}],"version-history":[{"count":3,"href":"https:\/\/neulakko.net\/index.php?rest_route=\/wp\/v2\/pages\/3\/revisions"}],"predecessor-version":[{"id":518,"href":"https:\/\/neulakko.net\/index.php?rest_route=\/wp\/v2\/pages\/3\/revisions\/518"}],"wp:attachment":[{"href":"https:\/\/neulakko.net\/index.php?rest_route=%2Fwp%2Fv2%2Fmedia&parent=3"}],"curies":[{"name":"wp","href":"https:\/\/api.w.org\/{rel}","templated":true}]}}