{"id":299,"date":"2009-07-08T15:01:18","date_gmt":"2009-07-08T12:01:18","guid":{"rendered":"http:\/\/www.neulakko.net\/?page_id=299"},"modified":"2009-07-08T15:01:18","modified_gmt":"2009-07-08T12:01:18","slug":"huolellinen-pakkaaminen-tekee-keskiaikatapahtumasta-mukavan","status":"publish","type":"page","link":"https:\/\/neulakko.net\/?page_id=299","title":{"rendered":"Huolellinen pakkaaminen tekee keskiaikatapahtumasta mukavan"},"content":{"rendered":"<p><em>Vaikka leirikeskuksessa ei voi olla yht\u00e4 mukavaa kuin kotona,varustautuminen auttaa kummasti. Jos ei halua el\u00e4v\u00f6itt\u00e4\u00e4 keskiaikaa k\u00e4rsien p\u00e4\u00e4ns\u00e4ryst\u00e4, nuhjuisuudesta ja n\u00e4l\u00e4st\u00e4, n\u00e4ist\u00e4 pakkausohjeista voi olla hy\u00f6ty\u00e4. Ohjeet on suunnattu erityisesti uusille harrastajille, joita askarruttaa mit\u00e4 kaikkea tapahtumassa tarvitaan.<br \/>\n<\/em><br \/>\nPakatessa on hy\u00f6ty\u00e4 pakkauslistan tekemisest\u00e4, sill\u00e4 useimmiten tapahtumiin tarvitsee mukaansa samat tavarat.\u00c2\u00a0 Listasta voi pakatessaan ruksia pois jo pakatut asiat ja varmistaa kaiken tullen mukaan. Listaamalla v\u00e4lttyy silt\u00e4, ett\u00e4 huomaa vasta tapahtumapaikalla unohtaneensa jotain t\u00e4rke\u00e4\u00e4.<\/p>\n<p><strong>Jotain p\u00e4\u00e4llepantavaa<\/strong><\/p>\n<p>Keskiaikavaatteet t\u00e4ytt\u00e4v\u00e4t suurimman osan laukusta. On turhaa pakata mukaan kovin montaa vaatekertaa, sill\u00e4 juhliessa ei koko ajan ehdi juosta vaatteita vaihtamassa. Useimmat ottavat mukaan kaksi asua, arkivaatteet sek\u00e4 jotain hienompaa pitoja varten. Hyv\u00e4 tapa s\u00e4\u00e4st\u00e4\u00e4 tilaa on pakata mukaan vain yksi vaatekerta ja erilaisia asusteita. P\u00e4\u00e4hinett\u00e4, p\u00e4\u00e4llysmekon osaa, solkia, vy\u00f6t\u00e4 tai muuta asustetta vaihtamalla asustaan saa juhlavamman helposti ja nopeasti.<\/p>\n<p>Vaatevalintoja suunnitellessa kannattaa muistaa, ett\u00e4 tapahtumissa on usein ulko-ohjelmaa ja sis\u00e4ll\u00e4kin voi olla vetoisaa. L\u00e4mmin vaate saattaa tulla tarpeeseen l\u00e4mpimin\u00e4kin vuodenaikoina.\u00c2\u00a0 Talvella l\u00e4mpimien vaatteiden lis\u00e4ksi on hyv\u00e4 ottaa mukaan hyv\u00e4t keng\u00e4t. Kes\u00e4kuumaan voi varustautua varustautua p\u00e4\u00e4hineell\u00e4 ja aurinkovoiteella.<\/p>\n<p><strong>Oma kattaus<\/strong><\/p>\n<p>Omien astioiden mukana kuljettaminen on yksi keskiaikaharrastuksen erikoisuus. Tarvitset ainakin oman juoma-astian, veitsen, lusikan sek\u00e4 syv\u00e4n lautasen. P\u00f6yt\u00e4liinalla saa p\u00f6yd\u00e4n peittoon ja lautasliinaan on mukavaa pyyhki\u00e4 suutaan. Liinoihin on k\u00e4tev\u00e4\u00e4 pakata s\u00e4rkyv\u00e4t astiat. Juomat on sopivaa kaataa pulloista ruukkuun tai kannuun. Pullojen avaamiseen on hyv\u00e4 muistaa ottaa avaaja.<br \/>\nJos innostuu kattauksesta enemm\u00e4n, voi tuoda vesikannun, k\u00e4sienpesuastian, suola-astian ja lukuisampia p\u00f6yt\u00e4liinoja. Kannattaa sopia kavereiden kanssa siit\u00e4, kuka tuo mit\u00e4kin. N\u00e4in jokaisen p\u00f6yt\u00e4seurueen j\u00e4senen ei tarvitse kuljettaa ja hankkia omaa p\u00f6yt\u00e4liinaa tai kannua.<\/p>\n<p>Vaikka keskiaikajuhlissa p\u00f6yd\u00e4t ovat koreana, kannattaa ottaa mukaan joitakin omia ev\u00e4it\u00e4. Ruokaa tarjoillaan usein tavallisesta poikkeaviin aikoihin, joten n\u00e4lk\u00e4 voi p\u00e4\u00e4st\u00e4 yll\u00e4tt\u00e4m\u00e4\u00e4n. My\u00f6h\u00e4styminen aamiaiselta tai iltapalalta ei harmita, jos mukana on ev\u00e4st\u00e4. Mukavia ja ajanmukaisia ev\u00e4it\u00e4 ovat mm. juustot, makkarat, leiv\u00e4t, p\u00e4hkin\u00e4t ja kuivatut hedelm\u00e4t.<\/p>\n<p>Pime\u00e4ss\u00e4 on ik\u00e4v\u00e4\u00e4 istuskella, joten muista ottaa mukaan kynttil\u00e4njalka, tulitikut ja kynttil\u00f6it\u00e4. Kynttil\u00e4 on ajanmukaisista valaistuskeinoista paloturvallisin ja siksi suositumpi kuin esimerkiksi \u00f6ljylamput tai p\u00e4reet. Kynttil\u00f6it\u00e4 kannattaa pakata reilusti, silt\u00e4 varalta ett\u00e4 ne katkeilevat tai katoavat.<\/p>\n<p><strong>Kannattaa varautua kaikkeen<\/strong><\/p>\n<p>Tapahtumaan on t\u00e4rke\u00e4\u00e4 pakata ne kaikki l\u00e4\u00e4kkeet, joita saattaa tarvita. L\u00e4hin apteekki on usein kaukana, eik\u00e4 tapahtumaj\u00e4rjest\u00e4jill\u00e4 ole yleens\u00e4 l\u00e4\u00e4kkeit\u00e4 tarjolla kuin todella akuutteihin vaivoihin.\u00c2\u00a0 Jos jokin vaiva tapaa yll\u00e4tt\u00e4\u00e4 silloin t\u00e4ll\u00f6in, tapahtumassa se tulee varmasti. Esimerkiksi allergia- tai p\u00e4\u00e4ns\u00e4rkyl\u00e4\u00e4kkeelle on usein tarvetta. Naisten kannattaa varautua kuukautisiin. Jos l\u00e4htee tapahtumaan haku p\u00e4\u00e4ll\u00e4, tied\u00e4tte kyll\u00e4 mit\u00e4 ei saa unohtaa.<\/p>\n<p>Omat arkitarpeensa kannattaa muistaa my\u00f6s tapahtumissa. Esimerkiksi kovan kofeinistin on hyv\u00e4 varustautua pikakahvilla, ettei kahvinhimo \u00e4idy siet\u00e4m\u00e4tt\u00f6m\u00e4ksi.<\/p>\n<p>Oma shampoo, hammasharja ja pyyhe parantavat el\u00e4m\u00e4nlaatua kummasti, eik\u00e4 tarvitse pummia tuotteita muilta. Joissakin tapahtumapaikoissa pesumahdollisuudet ovat rajalliset tai olemattomat. Silloin kannattaa pakata mukaan kasvo- ja kosteuspyyhkeit\u00e4 sek\u00e4 k\u00e4sidesi\u00e4. Pellavapyyhe on paitsi historiallinen, my\u00f6s pyyhkeen\u00e4 loistava. Se menee pieneen tilaan ja kuivaa hyvin.<\/p>\n<p>Nukkumistarpeiksi voi ottaa lakanat ja peiton tai makuupussin. Moni tapahtumapaikka vaatii osallistujilta makuupussinkin lis\u00e4ksi tyynyliinan ja lakanat. Liinavaatteissa on mukava nukkua: p\u00e4\u00e4t\u00e4 ei tarvitse painaa suoraan kymmenien partiolaissukupolvien nuhjaamaan tyynyyn.<\/p>\n<p>Kaiken edell\u00e4 mainitun lis\u00e4ksi tapahtumiin pit\u00e4\u00e4 muistaa tuoda omat harrastusv\u00e4lineens\u00e4: haarniskat, jouset, soittimet, k\u00e4sity\u00f6tarvikkeet tai muut. Jos odotettavissa on luentoja, muistiinpanov\u00e4lineit\u00e4 ei kannata unohtaa.<\/p>\n<p><a href=\"\/\/www.pinterest.com\/pin\/create\/button\/\" data-pin-do=\"buttonBookmark\" data-pin-color=\"red\" data-pin-height=\"128\"><img decoding=\"async\" src=\"\/\/assets.pinterest.com\/images\/pidgets\/pinit_fg_en_rect_red_28.png\" \/><\/a><\/p>","protected":false},"excerpt":{"rendered":"<p>Vaikka leirikeskuksessa ei voi olla yht\u00e4 mukavaa kuin kotona,varustautuminen auttaa kummasti. Jos ei halua el\u00e4v\u00f6itt\u00e4\u00e4 keskiaikaa k\u00e4rsien p\u00e4\u00e4ns\u00e4ryst\u00e4, nuhjuisuudesta ja n\u00e4l\u00e4st\u00e4, n\u00e4ist\u00e4 pakkausohjeista voi olla hy\u00f6ty\u00e4. Ohjeet on suunnattu erityisesti uusille harrastajille, joita askarruttaa mit\u00e4 kaikkea tapahtumassa tarvitaan. Pakatessa on hy\u00f6ty\u00e4 pakkauslistan tekemisest\u00e4, sill\u00e4 useimmiten tapahtumiin tarvitsee mukaansa samat tavarat.\u00c2\u00a0 Listasta voi pakatessaan ruksia pois &hellip; <\/p>\n<p class=\"link-more\"><a href=\"https:\/\/neulakko.net\/?page_id=299\" class=\"more-link\">Jatka lukemista<span class=\"screen-reader-text\"> &#8221;Huolellinen pakkaaminen tekee keskiaikatapahtumasta mukavan&#8221;<\/span><\/a><\/p>\n","protected":false},"author":2,"featured_media":0,"parent":3,"menu_order":0,"comment_status":"open","ping_status":"closed","template":"","meta":{"jetpack_post_was_ever_published":false,"footnotes":""},"class_list":["post-299","page","type-page","status-publish","hentry"],"jetpack_shortlink":"https:\/\/wp.me\/P3uIb4-4P","jetpack_sharing_enabled":true,"_links":{"self":[{"href":"https:\/\/neulakko.net\/index.php?rest_route=\/wp\/v2\/pages\/299","targetHints":{"allow":["GET"]}}],"collection":[{"href":"https:\/\/neulakko.net\/index.php?rest_route=\/wp\/v2\/pages"}],"about":[{"href":"https:\/\/neulakko.net\/index.php?rest_route=\/wp\/v2\/types\/page"}],"author":[{"embeddable":true,"href":"https:\/\/neulakko.net\/index.php?rest_route=\/wp\/v2\/users\/2"}],"replies":[{"embeddable":true,"href":"https:\/\/neulakko.net\/index.php?rest_route=%2Fwp%2Fv2%2Fcomments&post=299"}],"version-history":[{"count":0,"href":"https:\/\/neulakko.net\/index.php?rest_route=\/wp\/v2\/pages\/299\/revisions"}],"up":[{"embeddable":true,"href":"https:\/\/neulakko.net\/index.php?rest_route=\/wp\/v2\/pages\/3"}],"wp:attachment":[{"href":"https:\/\/neulakko.net\/index.php?rest_route=%2Fwp%2Fv2%2Fmedia&parent=299"}],"curies":[{"name":"wp","href":"https:\/\/api.w.org\/{rel}","templated":true}]}}