{"id":275,"date":"2009-06-13T10:19:58","date_gmt":"2009-06-13T07:19:58","guid":{"rendered":"http:\/\/www.neulakko.net\/?page_id=275"},"modified":"2011-08-21T20:20:11","modified_gmt":"2011-08-21T17:20:11","slug":"valmiita-projekteja","status":"publish","type":"page","link":"https:\/\/neulakko.net\/?page_id=275","title":{"rendered":"Valmiita projekteja \/ Things I&#8217;ve made"},"content":{"rendered":"<p>T\u00e4lle sivulle olen ker\u00e4nnyt kuvia 2007-2010 valmiiksi saamistani projekteista. Perusteellisemmat selostukset l\u00f6ytyv\u00e4t blogiarkistosta <a href=\"http:\/\/www.neulakko.net\/?cat=3\">Projektit-otsikon alta<\/a>. Klikkaa pikkukuvia isommaksi.<\/p>\n<p>Here&#8217;s a gallery of the projects I&#8217;ve finished in 2007-2010. More pictures and details are available in the blog, under the <a href=\"http:\/\/www.neulakko.net\/?cat=3\">Projektit-category<\/a>. Please click on the thumbnails to englarge the pictures.<\/p>\n<p>[nggallery id=5]<\/p>\n<ul>\n<li>Tekoletit \/ A hairpiece with cornettes\u00c2\u00a0 (see also the <a href=\"http:\/\/www.neulakko.net\/wp-content\/uploads\/2010\/03\/Cornettes_final_neulakko.pdf\">PDF<\/a>)<\/li>\n<\/ul>\n<figure id=\"attachment_521\" aria-describedby=\"caption-attachment-521\" style=\"width: 150px\" class=\"wp-caption alignleft\"><a href=\"http:\/\/www.neulakko.net\/wp-content\/uploads\/2010\/03\/IMG_0215-e1269187483922.jpg\"><img loading=\"lazy\" decoding=\"async\" class=\"size-thumbnail wp-image-521 \" title=\"IMG_0215\" src=\"http:\/\/www.neulakko.net\/wp-content\/uploads\/2010\/03\/IMG_0215-e1269187483922-150x150.jpg\" alt=\"Tekoletit\" width=\"150\" height=\"150\" \/><\/a><figcaption id=\"caption-attachment-521\" class=\"wp-caption-text\">Tekoletti-hiuslis\u00e4ke \/ Hairpiece with Cornettes<\/figcaption><\/figure>\n<p><span style=\"color: #ffffff;\">************************************************<\/span><\/p>\n<ul>\n<li>Neulakinnassukat \/ Naalbound sock<br \/>\n<a href=\"http:\/\/www.neulakko.net\/wp-content\/uploads\/2009\/11\/sukka.jpg\"><img loading=\"lazy\" decoding=\"async\" class=\"size-thumbnail wp-image-376 alignnone\" title=\"sukka\" src=\"http:\/\/www.neulakko.net\/wp-content\/uploads\/2009\/11\/sukka-150x150.jpg\" alt=\"Sukan k\u00e4rkeen tein hilpe\u00e4n piipan, jonne mahtuu housusukan k\u00e4rki\" width=\"121\" height=\"121\" \/> <\/a><a href=\"http:\/\/www.neulakko.net\/wp-content\/uploads\/2009\/11\/081120096471.jpg\"><img loading=\"lazy\" decoding=\"async\" class=\"size-thumbnail wp-image-363 alignnone\" title=\"neulakinnassukat\" src=\"http:\/\/www.neulakko.net\/wp-content\/uploads\/2009\/11\/081120096471-150x150.jpg\" alt=\"Ensimm\u00e4iset neulakinnassukat\" width=\"119\" height=\"119\" \/><\/a><\/li>\n<\/ul>\n<ul>\n<li>Alusmekko pellavasta \/ Linen underdress<br \/>\n<a class=\"imagelink\" title=\"alusmekko.jpg\" href=\"http:\/\/www.neulakko.net\/wp-content\/uploads\/2009\/10\/alusmekko.jpg\"><img decoding=\"async\" id=\"image347\" src=\"http:\/\/www.neulakko.net\/wp-content\/uploads\/2009\/10\/alusmekko.thumbnail.jpg\" alt=\"alusmekko.jpg\" \/> <\/a><a class=\"imagelink\" title=\"alusmekko3.jpg\" href=\"http:\/\/www.neulakko.net\/wp-content\/uploads\/2009\/10\/alusmekko3.jpg\"><img decoding=\"async\" id=\"image346\" src=\"http:\/\/www.neulakko.net\/wp-content\/uploads\/2009\/10\/alusmekko3.thumbnail.jpg\" alt=\"alusmekko3.jpg\" \/><\/a><\/li>\n<\/ul>\n<ul>\n<li>Kirjottu pussi tupsuilla \/ Embroidered bag with tassels<\/li>\n<\/ul>\n<p><a class=\"imagelink\" title=\"valmispussikiinni.jpg\" href=\"http:\/\/www.neulakko.net\/wp-content\/uploads\/2009\/09\/valmispussikiinni.jpg\"><img decoding=\"async\" id=\"image336\" src=\"http:\/\/www.neulakko.net\/wp-content\/uploads\/2009\/09\/valmispussikiinni.thumbnail.jpg\" alt=\"valmispussikiinni.jpg\" \/><\/a> <a class=\"imagelink\" title=\"k\u00e4dess\u00e4.jpg\" href=\"http:\/\/www.neulakko.net\/wp-content\/uploads\/2009\/09\/k%C3%A4dess%C3%A4.jpg\"><img decoding=\"async\" id=\"image332\" src=\"http:\/\/www.neulakko.net\/wp-content\/uploads\/2009\/09\/k%C3%A4dess%C3%A4.thumbnail.jpg\" alt=\"k\u00e4dess\u00e4.jpg\" \/><\/a> <a class=\"imagelink\" title=\"nauhat auki.jpg\" href=\"http:\/\/www.neulakko.net\/wp-content\/uploads\/2009\/09\/nauhat%20auki.jpg\"><img decoding=\"async\" id=\"image331\" src=\"http:\/\/www.neulakko.net\/wp-content\/uploads\/2009\/09\/nauhat%20auki.thumbnail.jpg\" alt=\"nauhat auki.jpg\" \/><\/a><br \/>\nSaksalaista laskettua ty\u00f6t\u00e4, lussenvlechten-ny\u00f6rill\u00e4 yhdistetyt sivut, muut ny\u00f6rit iskuny\u00f6ri\u00e4. Materiaaleina villa ja pellava.<br \/>\nGerman counted thread embroidery in wool on linen, lussenvlechten on the sides, other braids fingerlooped braids.<\/p>\n<ul>\n<li>Hihaton p\u00e4\u00e4llysmekko aka Helvetinkkunamekko \/ Sideless Surcoat<\/li>\n<\/ul>\n<p><a class=\"imagelink\" title=\"helvari1.jpg\" href=\"http:\/\/www.neulakko.net\/wp-content\/uploads\/2009\/06\/helvari1.jpg\"><img decoding=\"async\" id=\"image271\" src=\"http:\/\/www.neulakko.net\/wp-content\/uploads\/2009\/06\/helvari1.thumbnail.jpg\" alt=\"helvari1.jpg\" \/><\/a><a class=\"imagelink\" title=\"helvari2.jpg\" href=\"http:\/\/www.neulakko.net\/wp-content\/uploads\/2009\/06\/helvari2.jpg\"><img decoding=\"async\" id=\"image272\" src=\"http:\/\/www.neulakko.net\/wp-content\/uploads\/2009\/06\/helvari2.thumbnail.jpg\" alt=\"helvari2.jpg\" \/><\/a><span class=\"imagelink\"><a class=\"imagelink\" title=\"nuija.jpeg\" href=\"http:\/\/www.neulakko.net\/wp-content\/uploads\/2009\/08\/nuija.jpeg\"><img decoding=\"async\" id=\"image311\" src=\"http:\/\/www.neulakko.net\/wp-content\/uploads\/2009\/08\/nuija.thumbnail.jpeg\" alt=\"nuija.jpeg\" \/><\/a><\/span><\/p>\n<p><a class=\"imagelink\" title=\"helvari2.jpg\" href=\"http:\/\/www.neulakko.net\/wp-content\/uploads\/2009\/06\/helvari2.jpg\"><br \/>\n<\/a><\/p>\n<ul>\n<li>Smokattu essu \/ Smocked apron<\/li>\n<\/ul>\n<p><a class=\"imagelink\" title=\"valmisessu.jpg\" href=\"http:\/\/www.neulakko.net\/wp-content\/uploads\/2009\/05\/valmisessu.jpg\"><img decoding=\"async\" id=\"image261\" src=\"http:\/\/www.neulakko.net\/wp-content\/uploads\/2009\/05\/valmisessu.thumbnail.jpg\" alt=\"valmisessu.jpg\" \/><\/a><\/p>\n<ul>\n<li>P. Birgitan myssy \/ Cap of st. Bridget<\/li>\n<\/ul>\n<p><a class=\"imagelink\" title=\"15032009486.jpg\" href=\"http:\/\/www.neulakko.net\/wp-content\/uploads\/2009\/03\/15032009486.jpg\"><img decoding=\"async\" id=\"image233\" src=\"http:\/\/www.neulakko.net\/wp-content\/uploads\/2009\/03\/15032009486.thumbnail.jpg\" alt=\"15032009486.jpg\" \/><\/a> <a class=\"imagelink\" title=\"23122008415.jpg\" href=\"http:\/\/www.neulakko.net\/wp-content\/uploads\/2008\/12\/23122008415.jpg\"><img decoding=\"async\" id=\"image198\" src=\"http:\/\/www.neulakko.net\/wp-content\/uploads\/2008\/12\/23122008415.thumbnail.jpg\" alt=\"23122008415.jpg\" \/><\/a><a class=\"imagelink\" title=\"23122008416.jpg\" href=\"http:\/\/www.neulakko.net\/wp-content\/uploads\/2008\/12\/23122008416.jpg\"> <img decoding=\"async\" id=\"image199\" src=\"http:\/\/www.neulakko.net\/wp-content\/uploads\/2008\/12\/23122008416.thumbnail.jpg\" alt=\"23122008416.jpg\" \/><\/a><\/p>\n<ul>\n<li>1300-luvun loppupuolen p\u00e4\u00e4llysmekko tippeteill\u00e4 ja irrotettavilla metallinapeilla<br \/>\nA late 1300&#8217;s surcot\/overdress with tippets and detachable buttons<\/li>\n<\/ul>\n<p><a class=\"imagelink\" title=\"SNV81785.jpg\" href=\"http:\/\/www.neulakko.net\/wp-content\/uploads\/2009\/01\/SNV81785.jpg\"><img decoding=\"async\" id=\"image213\" src=\"http:\/\/www.neulakko.net\/wp-content\/uploads\/2009\/01\/SNV81785.thumbnail.jpg\" alt=\"SNV81785.jpg\" \/><\/a> <a class=\"imagelink\" title=\"16102008340.jpg\" href=\"http:\/\/www.neulakko.net\/wp-content\/uploads\/2008\/10\/16102008340.jpg\"><img decoding=\"async\" id=\"image156\" src=\"http:\/\/www.neulakko.net\/wp-content\/uploads\/2008\/10\/16102008340.thumbnail.jpg\" alt=\"16102008340.jpg\" \/> <\/a><a class=\"imagelink\" title=\"16102008334.jpg\" href=\"http:\/\/www.neulakko.net\/wp-content\/uploads\/2008\/10\/16102008334.jpg\"><img decoding=\"async\" id=\"image153\" src=\"http:\/\/www.neulakko.net\/wp-content\/uploads\/2008\/10\/16102008334.thumbnail.jpg\" alt=\"16102008334.jpg\" \/> <\/a><a class=\"imagelink\" title=\"16102008335.jpg\" href=\"http:\/\/www.neulakko.net\/wp-content\/uploads\/2008\/10\/16102008335.jpg\"><img decoding=\"async\" id=\"image154\" src=\"http:\/\/www.neulakko.net\/wp-content\/uploads\/2008\/10\/16102008335.thumbnail.jpg\" alt=\"16102008335.jpg\" \/><\/a><\/p>\n<ul>\n<li>P\u00e4\u00e4llysmekko noin 1300-luvun puoliv\u00e4list\u00e4<br \/>\nA mid 1300&#8217;s style overdress<\/li>\n<\/ul>\n<p><a class=\"imagelink\" title=\"SNV81777.jpg\" href=\"http:\/\/www.neulakko.net\/wp-content\/uploads\/2009\/01\/SNV81777.jpg\"><img decoding=\"async\" id=\"image212\" src=\"http:\/\/www.neulakko.net\/wp-content\/uploads\/2009\/01\/SNV81777.thumbnail.jpg\" alt=\"SNV81777.jpg\" \/><\/a> <a class=\"imagelink\" title=\"Glimsiss\u00e4\" href=\"http:\/\/www.neulakko.net\/wp-content\/uploads\/2008\/10\/Glims.jpg\"><img decoding=\"async\" id=\"image159\" src=\"http:\/\/www.neulakko.net\/wp-content\/uploads\/2008\/10\/Glims.thumbnail.jpg\" alt=\"Glimsiss\u00e4\" \/><\/a><\/p>\n<ul>\n<li>Talvivarusteet ja kassi (Hattu ja lapaset ostettu)<br \/>\nWinter gear and pilgrim bag (Hat and mittens are a purchase)<\/li>\n<\/ul>\n<p><a class=\"imagelink\" title=\"SNV81773.jpg\" href=\"http:\/\/www.neulakko.net\/wp-content\/uploads\/2009\/01\/SNV81773.jpg\"><img decoding=\"async\" id=\"image211\" src=\"http:\/\/www.neulakko.net\/wp-content\/uploads\/2009\/01\/SNV81773.thumbnail.jpg\" alt=\"SNV81773.jpg\" \/><\/a><\/p>\n<ul>\n<li>Rypytetty huntu<br \/>\nFrilled veil<\/li>\n<\/ul>\n<p><a class=\"imagelink\" title=\"huntu1.jpg\" href=\"http:\/\/www.neulakko.net\/wp-content\/uploads\/2009\/08\/huntu1.jpg\"><img decoding=\"async\" id=\"image312\" src=\"http:\/\/www.neulakko.net\/wp-content\/uploads\/2009\/08\/huntu1.thumbnail.jpg\" alt=\"huntu1.jpg\" \/><\/a><a class=\"imagelink\" title=\"huntu.jpg\" href=\"http:\/\/www.neulakko.net\/wp-content\/uploads\/2009\/01\/huntu.jpg\"><img decoding=\"async\" id=\"image210\" src=\"http:\/\/www.neulakko.net\/wp-content\/uploads\/2009\/01\/huntu.thumbnail.jpg\" alt=\"huntu.jpg\" \/><\/a><\/p>\n<ul>\n<li>Vy\u00f6n koristelua (koristeet ostokamaa)<br \/>\nDecorating my belt (purchased fittings)<\/li>\n<\/ul>\n<p><a class=\"imagelink\" title=\"30112008381.jpg\" href=\"http:\/\/www.neulakko.net\/wp-content\/uploads\/2008\/11\/30112008381.jpg\"><img decoding=\"async\" id=\"image190\" src=\"http:\/\/www.neulakko.net\/wp-content\/uploads\/2008\/11\/30112008381.thumbnail.jpg\" alt=\"30112008381.jpg\" \/><\/a><a class=\"imagelink\" title=\"30112008380.jpg\" href=\"http:\/\/www.neulakko.net\/wp-content\/uploads\/2008\/11\/30112008380.jpg\"> <img decoding=\"async\" id=\"image189\" src=\"http:\/\/www.neulakko.net\/wp-content\/uploads\/2008\/11\/30112008380.thumbnail.jpg\" alt=\"30112008380.jpg\" \/><br \/>\n<\/a><\/p>\n<ul>\n<li>Sukat \/ Hose<\/li>\n<\/ul>\n<p><a class=\"imagelink\" title=\"23112008370.jpg\" href=\"http:\/\/www.neulakko.net\/wp-content\/uploads\/2008\/11\/23112008370.jpg\"><img decoding=\"async\" id=\"image181\" src=\"http:\/\/www.neulakko.net\/wp-content\/uploads\/2008\/11\/23112008370.thumbnail.jpg\" alt=\"23112008370.jpg\" \/><\/a><\/p>\n<ul>\n<li>Punainen mekko napitetuilla hihoilla ja ny\u00f6rityksell\u00e4<br \/>\nA red cote with buttoned sleeves and lacing<\/li>\n<\/ul>\n<p><a class=\"imagelink\" title=\"09092008280.jpg\" href=\"http:\/\/www.neulakko.net\/wp-content\/uploads\/2008\/09\/09092008280.jpg\"><img decoding=\"async\" id=\"image132\" src=\"http:\/\/www.neulakko.net\/wp-content\/uploads\/2008\/09\/09092008280.thumbnail.jpg\" alt=\"09092008280.jpg\" \/> <\/a><a class=\"imagelink\" title=\"09092008276.jpg\" href=\"http:\/\/www.neulakko.net\/wp-content\/uploads\/2008\/09\/09092008276.jpg\"><img decoding=\"async\" id=\"image130\" src=\"http:\/\/www.neulakko.net\/wp-content\/uploads\/2008\/09\/09092008276.thumbnail.jpg\" alt=\"09092008276.jpg\" \/><\/a><\/p>\n<p><a class=\"imagelink\" title=\"09092008275.jpg\" href=\"http:\/\/www.neulakko.net\/wp-content\/uploads\/2008\/09\/09092008275.jpg\"><img decoding=\"async\" id=\"image129\" src=\"http:\/\/www.neulakko.net\/wp-content\/uploads\/2008\/09\/09092008275.thumbnail.jpg\" alt=\"09092008275.jpg\" \/> <\/a><a class=\"imagelink\" title=\"sivusta\" href=\"http:\/\/www.neulakko.net\/wp-content\/uploads\/2008\/08\/27082008238.jpg\"><img decoding=\"async\" id=\"image123\" src=\"http:\/\/www.neulakko.net\/wp-content\/uploads\/2008\/08\/27082008238.thumbnail.jpg\" alt=\"sivusta\" \/> <\/a><a class=\"imagelink\" title=\"Uusi punainen edest\u00e4\" href=\"http:\/\/www.neulakko.net\/wp-content\/uploads\/2008\/08\/27082008240.jpg\"><img decoding=\"async\" id=\"image122\" src=\"http:\/\/www.neulakko.net\/wp-content\/uploads\/2008\/08\/27082008240.thumbnail.jpg\" alt=\"Uusi punainen edest\u00e4\" \/><\/a><\/p>\n<ul>\n<li>Maalauksia<br \/>\nPainting<\/li>\n<\/ul>\n<p><a class=\"imagelink\" title=\"16072008188.jpg\" href=\"http:\/\/www.neulakko.net\/wp-content\/uploads\/2008\/07\/16072008188.jpg\"><img decoding=\"async\" id=\"image113\" src=\"http:\/\/www.neulakko.net\/wp-content\/uploads\/2008\/07\/16072008188.thumbnail.jpg\" alt=\"16072008188.jpg\" \/><\/a> <a class=\"imagelink\" title=\"Joutsenlaatikko\" href=\"http:\/\/www.neulakko.net\/wp-content\/uploads\/2007\/07\/08072007%28009%29.jpg\"><img decoding=\"async\" id=\"image34\" src=\"http:\/\/www.neulakko.net\/wp-content\/uploads\/2007\/07\/08072007%28009%29.thumbnail.jpg\" alt=\"Joutsenlaatikko\" \/><\/a><\/p>\n<ul>\n<li>Napitettu huppu kirjotulla nauhalla<br \/>\nA hood with buttons and an embroidered band<\/li>\n<\/ul>\n<p><a class=\"imagelink\" title=\"15052008137.jpg\" href=\"http:\/\/www.neulakko.net\/wp-content\/uploads\/2008\/05\/15052008137.jpg\"><img decoding=\"async\" id=\"image88\" src=\"http:\/\/www.neulakko.net\/wp-content\/uploads\/2008\/05\/15052008137.thumbnail.jpg\" alt=\"15052008137.jpg\" \/> <\/a><a class=\"imagelink\" title=\"15052008136.jpg\" href=\"http:\/\/www.neulakko.net\/wp-content\/uploads\/2008\/05\/15052008136.jpg\"><img decoding=\"async\" id=\"image87\" src=\"http:\/\/www.neulakko.net\/wp-content\/uploads\/2008\/05\/15052008136.thumbnail.jpg\" alt=\"15052008136.jpg\" \/><\/a><br \/>\n<a class=\"imagelink\" title=\"15052008133.jpg\" href=\"http:\/\/www.neulakko.net\/wp-content\/uploads\/2008\/05\/15052008133.jpg\"><img decoding=\"async\" id=\"image84\" src=\"http:\/\/www.neulakko.net\/wp-content\/uploads\/2008\/05\/15052008133.thumbnail.jpg\" alt=\"15052008133.jpg\" \/><\/a><a class=\"imagelink\" title=\"15052008135.jpg\" href=\"http:\/\/www.neulakko.net\/wp-content\/uploads\/2008\/05\/15052008135.jpg\"><img decoding=\"async\" id=\"image86\" src=\"http:\/\/www.neulakko.net\/wp-content\/uploads\/2008\/05\/15052008135.thumbnail.jpg\" alt=\"15052008135.jpg\" \/><\/a><\/p>\n<ul>\n<li>Viikinkitakki \/ A viking coat (tabletweaving by Laura)<\/li>\n<\/ul>\n<p><a class=\"imagelink\" title=\"Tygen takki\" href=\"http:\/\/www.neulakko.net\/wp-content\/uploads\/2008\/05\/tygetakki.jpg\"><img decoding=\"async\" id=\"image61\" src=\"http:\/\/www.neulakko.net\/wp-content\/uploads\/2008\/05\/tygetakki.thumbnail.jpg\" alt=\"Tygen takki\" \/><\/a><\/p>\n<p><a href=\"\/\/www.pinterest.com\/pin\/create\/button\/\" data-pin-do=\"buttonBookmark\" data-pin-color=\"red\" data-pin-height=\"128\"><img decoding=\"async\" src=\"\/\/assets.pinterest.com\/images\/pidgets\/pinit_fg_en_rect_red_28.png\" \/><\/a><\/p>","protected":false},"excerpt":{"rendered":"<p>T\u00e4lle sivulle olen ker\u00e4nnyt kuvia 2007-2010 valmiiksi saamistani projekteista. Perusteellisemmat selostukset l\u00f6ytyv\u00e4t blogiarkistosta Projektit-otsikon alta. Klikkaa pikkukuvia isommaksi. Here&#8217;s a gallery of the projects I&#8217;ve finished in 2007-2010. More pictures and details are available in the blog, under the Projektit-category. Please click on the thumbnails to englarge the pictures. [nggallery id=5] Tekoletit \/ A hairpiece &hellip; <\/p>\n<p class=\"link-more\"><a href=\"https:\/\/neulakko.net\/?page_id=275\" class=\"more-link\">Jatka lukemista<span class=\"screen-reader-text\"> &#8221;Valmiita projekteja \/ Things I&#8217;ve made&#8221;<\/span><\/a><\/p>\n","protected":false},"author":2,"featured_media":0,"parent":5,"menu_order":0,"comment_status":"open","ping_status":"closed","template":"","meta":{"jetpack_post_was_ever_published":false,"footnotes":""},"class_list":["post-275","page","type-page","status-publish","hentry"],"jetpack_shortlink":"https:\/\/wp.me\/P3uIb4-4r","jetpack_sharing_enabled":true,"_links":{"self":[{"href":"https:\/\/neulakko.net\/index.php?rest_route=\/wp\/v2\/pages\/275","targetHints":{"allow":["GET"]}}],"collection":[{"href":"https:\/\/neulakko.net\/index.php?rest_route=\/wp\/v2\/pages"}],"about":[{"href":"https:\/\/neulakko.net\/index.php?rest_route=\/wp\/v2\/types\/page"}],"author":[{"embeddable":true,"href":"https:\/\/neulakko.net\/index.php?rest_route=\/wp\/v2\/users\/2"}],"replies":[{"embeddable":true,"href":"https:\/\/neulakko.net\/index.php?rest_route=%2Fwp%2Fv2%2Fcomments&post=275"}],"version-history":[{"count":12,"href":"https:\/\/neulakko.net\/index.php?rest_route=\/wp\/v2\/pages\/275\/revisions"}],"predecessor-version":[{"id":381,"href":"https:\/\/neulakko.net\/index.php?rest_route=\/wp\/v2\/pages\/275\/revisions\/381"}],"up":[{"embeddable":true,"href":"https:\/\/neulakko.net\/index.php?rest_route=\/wp\/v2\/pages\/5"}],"wp:attachment":[{"href":"https:\/\/neulakko.net\/index.php?rest_route=%2Fwp%2Fv2%2Fmedia&parent=275"}],"curies":[{"name":"wp","href":"https:\/\/api.w.org\/{rel}","templated":true}]}}