{"id":2040,"date":"2014-05-26T21:05:29","date_gmt":"2014-05-26T18:05:29","guid":{"rendered":"http:\/\/www.neulakko.net\/?page_id=2040"},"modified":"2019-02-22T13:25:59","modified_gmt":"2019-02-22T11:25:59","slug":"2040-2","status":"publish","type":"page","link":"https:\/\/neulakko.net\/?page_id=2040","title":{"rendered":"Ohjeet: Hunnut ja kampaukset Tutorials: Veils and hair"},"content":{"rendered":"\n<p><\/p>\n\n\n<div class=\"mceTemp\">&nbsp;<\/div>\n<h4>Hunnut ja leukaliinat \/ Veils and wimples<\/h4>\n<ul>\n<li><a style=\"color: #8c0000;\" href=\"http:\/\/www.neulakko.net\/?page_id=251\">Hunnun pukeminen \/ How to wear a veil<br><\/a>Kuvalliset ohjeet opastavat naisten huntup\u00e4\u00e4hineen pukemiseen vaihe vaiheelta. Kaksi hieman erilaista tyyli\u00e4!<br><em>Two step by step tutorials on how to wear a veil with a wimple. Two slightly different styles.<\/em><\/li>\n<li><a style=\"color: #8c0000;\" href=\"http:\/\/www.neulakko.net\/?page_id=1641\">Py\u00f6re\u00e4 huntu ja leukaliina \/ A round veil and a wimple<br><\/a>Huntup\u00e4\u00e4hineen osien kangasmenekki ja samalla neuvotaan n\u00e4pp\u00e4r\u00e4 tapa leikata py\u00f6re\u00e4 huntu.<br><em>How much material does one need for a veil and wimple plus a tutorial on how to cut a round veil. &nbsp;<\/em><\/li>\n<\/ul>\n<h4>R\u00f6yhel\u00f6hunnut \/ Frilled veils<\/h4>\n<ul>\n<li><a style=\"color: #8c0000;\" href=\"http:\/\/www.neulakko.net\/?page_id=743\">R\u00f6yhel\u00f6hunnun t\u00e4rkk\u00e4\u00e4minen \/ Starching a frilled veil<br><\/a>N\u00e4ytt\u00e4\u00e4 vaihe kerrallaan hunajakennor\u00f6yhel\u00f6hunnun r\u00f6yhel\u00f6n t\u00e4rkk\u00e4\u00e4misen muotoonsa.<br><em>A picture diary on what it takes to starch a honey comb &#8211; style frilled veil into shape.&nbsp;<\/em><\/li>\n<li><a style=\"color: #8c0000;\" title=\"Permalink to R\u00f6yhel\u00f6n monet olomuodot \/ The Many Forms of Frill\" href=\"http:\/\/www.neulakko.net\/?p=1333\" rel=\"bookmark\">R\u00f6yhel\u00f6n monet olomuodot \/ The Many Forms of Frill<br><\/a>Monet eri tavat pukea r\u00f6yhel\u00f6huntu: U-hunnusta p\u00e4\u00e4laelle koottuun kekoon!<br><em>Testing the many ways in which medieval women wore their frills: from the U-style to the craaaazy Kleeblatt!<\/em><\/li>\n<\/ul>\n<h4>Kampaukset \/ Hair<\/h4>\n<ul>\n<li><a style=\"color: #8c0000;\" href=\"http:\/\/www.neulakko.net\/wp-content\/uploads\/2010\/03\/Cornettes_final_neulakko.pdf\">Cornettes-irtoletit \/ Cornettes &#8221;\u201c a 14th century hairpiece<br><\/a>Irtoletit Lontoosta l\u00f6ytyneen j\u00e4\u00e4nn\u00f6ksen perusteella. Irtolettien historiaa, lautanauhaa ja pellavan h\u00e4kil\u00f6inti\u00e4. (pdf)<br><em>A hairpiece based on a find from London. A brief history of false braids, some tablet weaving and processing linen. (pdf)<\/em><\/li>\n<li><a style=\"color: #8c0000;\" title=\"Permalink to Kampausrasia \/ Hair kit\" href=\"http:\/\/www.neulakko.net\/?p=1876\" rel=\"bookmark\">Kampausrasia \/ Hair kit<br><\/a>Mit\u00e4 keskiaikainen kampausrasia voi pit\u00e4\u00e4 sis\u00e4ll\u00e4\u00e4n?<br><em>What goes into a medieval hair kit?&nbsp;<\/em><\/li>\n<li><a style=\"color: #8c0000;\" title=\"Permalink to Otsapanta ja kuinka sit\u00e4 pidet\u00e4\u00e4n \/ A circlet and how to wear it\" href=\"http:\/\/www.neulakko.net\/?p=1897\" rel=\"bookmark\">Otsapanta ja kuinka sit\u00e4 pidet\u00e4\u00e4n \/ A circlet and how to wear it<br><\/a>Silkkinen otsapanta metalli &#8211; ja helmikoristeilla kolmella eri tavalla puettuna. Lis\u00e4ksi vinkki siit\u00e4, miten sit\u00e4 ei kannata k\u00e4ytt\u00e4\u00e4!<br><em>A silk tablet woven circlet with metal embellishments and pearls PLUS how to wear it (3 styles) and how not to wear it<\/em>.<\/li>\n<li><a style=\"color: #8c0000;\" title=\"Permalink to Hiusneula Lontoosta \/ Hairpins from London\" href=\"http:\/\/www.neulakko.net\/?p=1356\" rel=\"bookmark\">Hiusneula Lontoosta \/ Hairpins from London<br><\/a>Keskiaikainen hiusneula kotikonstein. Erinomainen ohimolettien tekemiseen!<br><em>Making medieval hairpins at home. An excellent accessory for templar braids!<\/em><\/li>\n<\/ul>\n<figure id=\"attachment_943\" aria-describedby=\"caption-attachment-943\" style=\"width: 567px\" class=\"wp-caption alignleft\"><a href=\"http:\/\/www.neulakko.net\/wp-content\/uploads\/2009\/03\/huntuboogie.jpg\"><img loading=\"lazy\" decoding=\"async\" class=\"size-full wp-image-943\" src=\"http:\/\/www.neulakko.net\/wp-content\/uploads\/2009\/03\/huntuboogie.jpg\" alt=\"Naisia hunnuilla ja ilman Romance of Alexanderissa \/ Ladies with and without veils in the Romance of Alexander\" width=\"567\" height=\"214\" srcset=\"https:\/\/neulakko.net\/wp-content\/uploads\/2009\/03\/huntuboogie.jpg 567w, https:\/\/neulakko.net\/wp-content\/uploads\/2009\/03\/huntuboogie-300x113.jpg 300w\" sizes=\"auto, (max-width: 567px) 100vw, 567px\" \/><\/a><figcaption id=\"caption-attachment-943\" class=\"wp-caption-text\">Naisia hunnuilla ja ilman Romance of Alexanderissa \/ Ladies with and without veils in the Romance of Alexander<\/figcaption><\/figure><p><a href=\"\/\/www.pinterest.com\/pin\/create\/button\/\" data-pin-do=\"buttonBookmark\" data-pin-color=\"red\" data-pin-height=\"128\"><img decoding=\"async\" src=\"\/\/assets.pinterest.com\/images\/pidgets\/pinit_fg_en_rect_red_28.png\" \/><\/a><\/p>","protected":false},"excerpt":{"rendered":"<p>&nbsp; Hunnut ja leukaliinat \/ Veils and wimples Hunnun pukeminen \/ How to wear a veilKuvalliset ohjeet opastavat naisten huntup\u00e4\u00e4hineen pukemiseen vaihe vaiheelta. Kaksi hieman erilaista tyyli\u00e4!Two step by step tutorials on how to wear a veil with a wimple. Two slightly different styles. Py\u00f6re\u00e4 huntu ja leukaliina \/ A round veil and a wimpleHuntup\u00e4\u00e4hineen &hellip; <\/p>\n<p class=\"link-more\"><a href=\"https:\/\/neulakko.net\/?page_id=2040\" class=\"more-link\">Jatka lukemista<span class=\"screen-reader-text\"> &#8221;Ohjeet: Hunnut ja kampaukset Tutorials: Veils and hair&#8221;<\/span><\/a><\/p>\n","protected":false},"author":2,"featured_media":918,"parent":4,"menu_order":0,"comment_status":"open","ping_status":"closed","template":"","meta":{"jetpack_post_was_ever_published":false,"footnotes":""},"class_list":["post-2040","page","type-page","status-publish","has-post-thumbnail","hentry"],"jetpack_shortlink":"https:\/\/wp.me\/P3uIb4-wU","jetpack_sharing_enabled":true,"_links":{"self":[{"href":"https:\/\/neulakko.net\/index.php?rest_route=\/wp\/v2\/pages\/2040","targetHints":{"allow":["GET"]}}],"collection":[{"href":"https:\/\/neulakko.net\/index.php?rest_route=\/wp\/v2\/pages"}],"about":[{"href":"https:\/\/neulakko.net\/index.php?rest_route=\/wp\/v2\/types\/page"}],"author":[{"embeddable":true,"href":"https:\/\/neulakko.net\/index.php?rest_route=\/wp\/v2\/users\/2"}],"replies":[{"embeddable":true,"href":"https:\/\/neulakko.net\/index.php?rest_route=%2Fwp%2Fv2%2Fcomments&post=2040"}],"version-history":[{"count":10,"href":"https:\/\/neulakko.net\/index.php?rest_route=\/wp\/v2\/pages\/2040\/revisions"}],"predecessor-version":[{"id":51720,"href":"https:\/\/neulakko.net\/index.php?rest_route=\/wp\/v2\/pages\/2040\/revisions\/51720"}],"up":[{"embeddable":true,"href":"https:\/\/neulakko.net\/index.php?rest_route=\/wp\/v2\/pages\/4"}],"wp:featuredmedia":[{"embeddable":true,"href":"https:\/\/neulakko.net\/index.php?rest_route=\/wp\/v2\/media\/918"}],"wp:attachment":[{"href":"https:\/\/neulakko.net\/index.php?rest_route=%2Fwp%2Fv2%2Fmedia&parent=2040"}],"curies":[{"name":"wp","href":"https:\/\/api.w.org\/{rel}","templated":true}]}}