{"id":1641,"date":"2013-10-14T20:20:04","date_gmt":"2013-10-14T17:20:04","guid":{"rendered":"http:\/\/www.neulakko.net\/?page_id=1641"},"modified":"2013-10-20T18:36:59","modified_gmt":"2013-10-20T15:36:59","slug":"pyorea-huntu-ja-leukaliina-a-circular-veil-and-a-wimple","status":"publish","type":"page","link":"https:\/\/neulakko.net\/?page_id=1641","title":{"rendered":"Py\u00f6re\u00e4 huntu ja leukaliina \/ A circular veil and a wimple"},"content":{"rendered":"<p>T\u00e4m\u00e4 ohje on superyksinkertainen, mutta toisaalta monet ovat kyselleet huntujeni mittoja. T\u00e4ss\u00e4 ne ovat! Kaupan p\u00e4\u00e4llisiksi tulee vinkki siit\u00e4, miten saa helposti leikattua py\u00f6re\u00e4n hunnun.<\/p>\n<p>This is a super simple thing to do a tutorial on. But then again, many have asked about the measurements I use for my veils. Here you go! Plus an easypeasy way to cut a round veil. (Scroll down for English)<\/p>\n<p style=\"text-align: center;\"><a href=\"http:\/\/www.neulakko.net\/wp-content\/uploads\/2013\/10\/20131014-202158.jpg\"><img loading=\"lazy\" decoding=\"async\" class=\"aligncenter\" alt=\"20131014-202158.jpg\" src=\"http:\/\/www.neulakko.net\/wp-content\/uploads\/2013\/10\/20131014-202158.jpg\" width=\"691\" height=\"918\" \/><\/a><\/p>\n<h3 style=\"text-align: center;\">Klikkaa kuva isommaksi \/ Click on picture to enlarge<\/h3>\n<p style=\"text-align: center;\">Hunnun koko on makuasia. Itse pid\u00e4n suurista. Niit\u00e4 saa taiteltua, kerrostettua ja vekattua tarpeen mukaan. Hyv\u00e4\u00e4 huntukangasta eli mahdollisimman ohutta pellavaa, hamppua, eri ohutta villaa tai jopa silkki\u00e4 kannattaa varata noin metrin pala, mik\u00e4li kangas on 150cm leve\u00e4\u00e4. Se riitt\u00e4\u00e4 leukaliinaan ja huntuun. Muista esipest\u00e4 kangas kutistumisen varalta. Varsinkin leukaliina kaipaa pesua suhteellisen usein. Siksi kannattaakin tehd\u00e4 useampi leukaliina huntua kohti.<\/p>\n<h4 style=\"text-align: center;\">Tarvikkeet:<\/h4>\n<ul>\n<li style=\"text-align: left;\">1m 150cm leve\u00e4\u00e4 valkoista kangasta (esim pellava, hamppu)<\/li>\n<li style=\"text-align: left;\">pellava\/silkkilankaa reunojen huolitteluun (mahdollisimman ohut lanka)<\/li>\n<li style=\"text-align: left;\">nuppineuloja, ter\u00e4v\u00e4t sakset, mittanauha<\/li>\n<li style=\"text-align: left;\">ompeluv\u00e4lineet<\/li>\n<\/ul>\n<p>Leikkaa kangas kaavakuvan osoittamalla tavalla hunnuksi ja leukaliinaksi. Huntua varten leikkaa 1x1m neli\u00f6. Leukaliina syntyy j\u00e4m\u00e4palasta, eli 5o cm x 1m kaistaleesta. Jos metrin pituus tuntuu liian pitk\u00e4lt\u00e4, nappaa pala p\u00e4\u00e4st\u00e4 pois. Jos k\u00e4yt\u00e4t oikein avonaisia kaula-aukkoja, voit haluta tehd\u00e4 hieman leve\u00e4mm\u00e4n leukaliinan (esim 60 cm) joka pysyy paremmin kaula-aukossa. (tai sitten voit k\u00e4ytt\u00e4\u00e4 neuloja reunan <a href=\"http:\/\/www.neulakko.net\/wp-content\/uploads\/2013\/07\/kesaheikkiompelus.jpg\">paikallaan pit\u00e4miseen, kuten t\u00e4ss\u00e4 kuvassa<\/a>.)<\/p>\n<p>Seuraavissa vaiheissa kuvat kertovat enemm\u00e4n, mutta t\u00e4ss\u00e4 ohjeet:<\/p>\n<p>1. \u00c2\u00a0Taittele 1x1m kokoinen neli\u00f6 nelj\u00e4\u00e4n osaan, reunat niin tasan kuin mahdollista.<\/p>\n<p>2. Taita neli\u00f6 keskelt\u00e4 kahtia.<\/p>\n<p>3 &amp; 4. Kiinnit\u00e4 neuloilla kankaan taitokset paikoilleen. Py\u00f6rist\u00e4 toinen reuna, merkkaa leikkauskohta nuppineuloilla. Leikkaa ter\u00e4vill\u00e4 saksilla kolmion toinen kulma py\u00f6re\u00e4ksi kuvan osoittamalla tavalla.<\/p>\n<p>5. Ta-daa, py\u00f6re\u00e4 huntu! Huolittele hunnun reunat, esimerkiksi pienell\u00e4 ja huomaamattomalla helmapistolla tai tekem\u00e4ll\u00e4 rullap\u00e4\u00e4rme. Yrit\u00e4 pit\u00e4\u00e4 pistot huomaamattomina ja p\u00e4\u00e4rme kapoisena.<\/p>\n<p>6. \u00c3\u201ellistele, kuinka v\u00e4h\u00e4n ylim\u00e4\u00e4r\u00e4ist\u00e4 kangasta j\u00e4\u00e4, riitt\u00e4miin ehk\u00e4 esimerkiksi hyvin pienen lapsen myssyyn.<\/p>\n<p>7. K\u00e4yt\u00e4 huntua ja n\u00e4yt\u00e4 upealta!\u00c2\u00a0<a href=\"http:\/\/www.neulakko.net\/?page_id=251\">Ohjeet hunnun pukemiseen l\u00f6yd\u00e4t t\u00e4\u00e4lt\u00e4.<\/a><\/p>\n<p>&nbsp;<\/p>\n<p>****<\/p>\n<p>The size of the veil is a matter of taste. I like big veils because \u00c2\u00a0you can fold and pin them into so many different styles. You will need a piece of 100cm x 150 cm of good quality fabric &#8211; white linen, hemp, silk, perhaps wool. Go as thin as you can and pick a fabric with a nice drape. This will be enough to make a veil and a wimple. Prewash the fabric before cutting and hemming, note that especially the wimples need washing fairly often. It makes sense to make more than one wimple per veil.<\/p>\n<p>Things you will need:<\/p>\n<ul>\n<li>1m of 150cm wide white fabric. (see above)<\/li>\n<li>Thin linen or silk thread for hemming the veil<\/li>\n<li>pins, measuring tape, sharp scissors<\/li>\n<li>your sewing kit<\/li>\n<\/ul>\n<p>Cut your fabric in 2 &#8211; a 1x1m square \u00c2\u00a0(veil) and a 50 cm x 1 m rectangle (wimple) as you can see in the first picture above. If you feel that the 1 m is an excessive length for the wimple, trim it into a shorter one. It is not necessarily too long, but like veils, wimples are also a matter of taste. Also, if you like to wear low-cut styles, you could make the wimple a bit wider &#8211; about 60 cm. Don&#8217;t add too much though, otherwise you get a bulky neckline. Alternatively, you can keep the wimple in place with strategically placed dress pins, like <a href=\"http:\/\/www.neulakko.net\/wp-content\/uploads\/2013\/07\/kesaheikkiompelus.jpg\">in this picture.\u00c2\u00a0<\/a><\/p>\n<p>Now for making a round veil. The pictures tell more than words, but here is a verbal walkthrough, too. (I also realise that I have never ever written about <em>folding<\/em> in English. I hope to make at least some sense.)<\/p>\n<p>1. Fold the big square twice, making a smaller square.<\/p>\n<p>2. Fold this small square diagonally, making a triangle.<\/p>\n<p>3&amp;4. Secure the folds with pins. Round off the other corner (the one with the open ends), mark with pins, cut off using sharp scissors. I stress the sharpness of the scissors because you need to cut through several layers of fabric.<\/p>\n<p>5. Ta-dah, a round veil! Hem the edges &#8211; using hem stitch or make a rolled hem. Try to make the stitches almost invisible and keep the hem narrow.<\/p>\n<p>6. Marvel at how little excess fabric there is. Enough to make a very small cap for a small head perhaps.<\/p>\n<p>7. Wear the veil and wimple and look fabulous.\u00c2\u00a0For more o<a href=\"http:\/\/www.neulakko.net\/?page_id=251\">n how to wear a veil, look here.<\/a><\/p>\n<p>&nbsp;<\/p>\n<p>&nbsp;<\/p>\n<p>&nbsp;<\/p>\n<p><a href=\"\/\/www.pinterest.com\/pin\/create\/button\/\" data-pin-do=\"buttonBookmark\" data-pin-color=\"red\" data-pin-height=\"128\"><img decoding=\"async\" src=\"\/\/assets.pinterest.com\/images\/pidgets\/pinit_fg_en_rect_red_28.png\" \/><\/a><\/p>","protected":false},"excerpt":{"rendered":"<p>T\u00e4m\u00e4 ohje on superyksinkertainen, mutta toisaalta monet ovat kyselleet huntujeni mittoja. T\u00e4ss\u00e4 ne ovat! Kaupan p\u00e4\u00e4llisiksi tulee vinkki siit\u00e4, miten saa helposti leikattua py\u00f6re\u00e4n hunnun. This is a super simple thing to do a tutorial on. But then again, many have asked about the measurements I use for my veils. Here you go! Plus an &hellip; <\/p>\n<p class=\"link-more\"><a href=\"https:\/\/neulakko.net\/?page_id=1641\" class=\"more-link\">Jatka lukemista<span class=\"screen-reader-text\"> &#8221;Py\u00f6re\u00e4 huntu ja leukaliina \/ A circular veil and a wimple&#8221;<\/span><\/a><\/p>\n","protected":false},"author":2,"featured_media":0,"parent":251,"menu_order":0,"comment_status":"open","ping_status":"closed","template":"","meta":{"jetpack_post_was_ever_published":false,"footnotes":""},"class_list":["post-1641","page","type-page","status-publish","hentry"],"jetpack_shortlink":"https:\/\/wp.me\/P3uIb4-qt","jetpack_sharing_enabled":true,"_links":{"self":[{"href":"https:\/\/neulakko.net\/index.php?rest_route=\/wp\/v2\/pages\/1641","targetHints":{"allow":["GET"]}}],"collection":[{"href":"https:\/\/neulakko.net\/index.php?rest_route=\/wp\/v2\/pages"}],"about":[{"href":"https:\/\/neulakko.net\/index.php?rest_route=\/wp\/v2\/types\/page"}],"author":[{"embeddable":true,"href":"https:\/\/neulakko.net\/index.php?rest_route=\/wp\/v2\/users\/2"}],"replies":[{"embeddable":true,"href":"https:\/\/neulakko.net\/index.php?rest_route=%2Fwp%2Fv2%2Fcomments&post=1641"}],"version-history":[{"count":9,"href":"https:\/\/neulakko.net\/index.php?rest_route=\/wp\/v2\/pages\/1641\/revisions"}],"predecessor-version":[{"id":1653,"href":"https:\/\/neulakko.net\/index.php?rest_route=\/wp\/v2\/pages\/1641\/revisions\/1653"}],"up":[{"embeddable":true,"href":"https:\/\/neulakko.net\/index.php?rest_route=\/wp\/v2\/pages\/251"}],"wp:attachment":[{"href":"https:\/\/neulakko.net\/index.php?rest_route=%2Fwp%2Fv2%2Fmedia&parent=1641"}],"curies":[{"name":"wp","href":"https:\/\/api.w.org\/{rel}","templated":true}]}}