{"id":284,"date":"2018-04-23T13:00:30","date_gmt":"2018-04-23T13:00:30","guid":{"rendered":"https:\/\/neulakko.net\/iloinenjoutsen\/?page_id=284"},"modified":"2018-04-23T13:02:14","modified_gmt":"2018-04-23T13:02:14","slug":"historianelavoitys-ja-me","status":"publish","type":"page","link":"https:\/\/neulakko.net\/iloinenjoutsen\/historianelavoitys-ja-me\/","title":{"rendered":"Historianel\u00e4v\u00f6itys ja me"},"content":{"rendered":"<p><em>Historianel\u00e4v\u00f6ityksess\u00e4 luodaan osia tavoitellun aikakauden el\u00e4m\u00e4st\u00e4 mahdollisimman realistisesti. Pyrkimyksen\u00e4 on historian el\u00e4minen &#8211; aikakauden el\u00e4m\u00e4n kokeminen ja n\u00e4ytt\u00e4minen sellaisena kuin se on ollut.<\/em><\/p>\n<p>Iloinen Joutsen el\u00e4\u00e4 suomalaisten k\u00e4sity\u00f6l\u00e4isten ja porvarien arkea 1300-luvun loppupuolella. El\u00e4v\u00f6ityksemme aikakausi joustaa vuosien 1340-1420 v\u00e4lill\u00e4.<\/p>\n<h4>Meille on t\u00e4rke\u00e4\u00e4:<\/h4>\n<ul>\n<li><strong>Tutkittu tieto<br \/>\n<\/strong>Haluamme toimia ja tehd\u00e4 keskiaikaisten l\u00e4hteiden pohjalta. N\u00e4in voimme tarjota ja my\u00f6s itse kokea mahdollisimman aitoja kokemuksia.<\/li>\n<li><strong>Arjen askareet ja tekeminen<\/strong><br \/>\nEl\u00e4v\u00f6it\u00e4mme keskiajan arkiel\u00e4m\u00e4\u00e4 ja tavallista kaupunkiv\u00e4ke\u00e4. Uskomme, ett\u00e4 arkipuuhista l\u00f6ytyy katsojille tuttuja samaistumisen kohteita.<\/li>\n<li><strong>Historia ei kaipaa v\u00e4ritt\u00e4mist\u00e4<\/strong><br \/>\nMenneisyytemme on t\u00e4ynn\u00e4 uskomattomia tositarinoita ja kiehtovia yksityiskohtia. Tuodaan ne esiin!<\/li>\n<\/ul>\n<p><strong>Ps. Olemme amat\u00f6\u00f6rej\u00e4<\/strong><br \/>\nHistorian el\u00e4v\u00f6itys on meille rakas ja pitk\u00e4aikainen harrastus. Kokemus tuo meille ammattimaista otetta, mutta toisaalta harrastamista tasapainottaa muu el\u00e4m\u00e4 t\u00f6ineen p\u00e4ivineen.<\/p>\n","protected":false},"excerpt":{"rendered":"<p>Historianel\u00e4v\u00f6ityksess\u00e4 luodaan osia tavoitellun aikakauden el\u00e4m\u00e4st\u00e4 mahdollisimman realistisesti. Pyrkimyksen\u00e4 on historian el\u00e4minen &#8211; aikakauden el\u00e4m\u00e4n kokeminen ja n\u00e4ytt\u00e4minen sellaisena kuin se on ollut. Iloinen Joutsen el\u00e4\u00e4 suomalaisten k\u00e4sity\u00f6l\u00e4isten ja porvarien arkea 1300-luvun loppupuolella. El\u00e4v\u00f6ityksemme aikakausi joustaa vuosien 1340-1420 v\u00e4lill\u00e4. Meille on t\u00e4rke\u00e4\u00e4: Tutkittu tieto Haluamme toimia ja tehd\u00e4 keskiaikaisten l\u00e4hteiden pohjalta. N\u00e4in voimme tarjota ja&hellip; <br \/> <a class=\"read-more\" href=\"https:\/\/neulakko.net\/iloinenjoutsen\/historianelavoitys-ja-me\/\">Read more<\/a><\/p>\n","protected":false},"author":1,"featured_media":0,"parent":0,"menu_order":0,"comment_status":"closed","ping_status":"closed","template":"","meta":{"footnotes":""},"class_list":["post-284","page","type-page","status-publish","hentry"],"_links":{"self":[{"href":"https:\/\/neulakko.net\/iloinenjoutsen\/wp-json\/wp\/v2\/pages\/284","targetHints":{"allow":["GET"]}}],"collection":[{"href":"https:\/\/neulakko.net\/iloinenjoutsen\/wp-json\/wp\/v2\/pages"}],"about":[{"href":"https:\/\/neulakko.net\/iloinenjoutsen\/wp-json\/wp\/v2\/types\/page"}],"author":[{"embeddable":true,"href":"https:\/\/neulakko.net\/iloinenjoutsen\/wp-json\/wp\/v2\/users\/1"}],"replies":[{"embeddable":true,"href":"https:\/\/neulakko.net\/iloinenjoutsen\/wp-json\/wp\/v2\/comments?post=284"}],"version-history":[{"count":1,"href":"https:\/\/neulakko.net\/iloinenjoutsen\/wp-json\/wp\/v2\/pages\/284\/revisions"}],"predecessor-version":[{"id":285,"href":"https:\/\/neulakko.net\/iloinenjoutsen\/wp-json\/wp\/v2\/pages\/284\/revisions\/285"}],"wp:attachment":[{"href":"https:\/\/neulakko.net\/iloinenjoutsen\/wp-json\/wp\/v2\/media?parent=284"}],"curies":[{"name":"wp","href":"https:\/\/api.w.org\/{rel}","templated":true}]}}