{"id":138,"date":"2018-04-04T13:36:58","date_gmt":"2018-04-04T13:36:58","guid":{"rendered":"https:\/\/neulakko.net\/iloinenjoutsen\/?page_id=138"},"modified":"2018-04-20T16:55:16","modified_gmt":"2018-04-20T16:55:16","slug":"opetus-ja-luennot","status":"publish","type":"page","link":"https:\/\/neulakko.net\/iloinenjoutsen\/mita-teemme\/opetus-ja-luennot\/","title":{"rendered":"Opetus ja luennot"},"content":{"rendered":"<p><em>Kiinnostaako keskiaika? Haluatko oppia lis\u00e4\u00e4 keskiajan kulttuurista tai k\u00e4dentaidoista?\u00a0<\/em><\/p>\n<p>Iloisen joutsenen sanavalmiit ja k\u00e4rsiv\u00e4lliset opettajat vet\u00e4v\u00e4t kiinnostavia luentoja, tietoiskuja ja k\u00e4sity\u00f6kursseja. Voit opetella yhden uuden taidon tai laajemman kokonaisuuden. Aiheita on monia, kysy niist\u00e4 lis\u00e4\u00e4!<\/p>\n<p style=\"text-align: left;\"><strong>Luentoja ja opetusta mm.:<\/strong><\/p>\n<ul>\n<li style=\"text-align: left;\">puulusikan veist\u00e4minen<\/li>\n<li style=\"text-align: left;\">lautanauhatekniikka<\/li>\n<li style=\"text-align: left;\">neulakinnastekniikka<\/li>\n<li style=\"text-align: left;\">keskiajan vaateparsi &#8211; pukeutuminen p\u00e4\u00e4st\u00e4 varpaisiin<\/li>\n<li style=\"text-align: left;\">n\u00e4in ompelet tukevan alusmekon<\/li>\n<li style=\"text-align: left;\">keskiajan valaistus<\/li>\n<li style=\"text-align: left;\">hihan kaavoittaminen<\/li>\n<li style=\"text-align: left;\">keskiaikainen villaintarsia<\/li>\n<li style=\"text-align: left;\">tee itse puiset k\u00e4sity\u00f6v\u00e4lineet<\/li>\n<li style=\"text-align: left;\">keskiajan ruoka<\/li>\n<li style=\"text-align: left;\">keskiajan mausteet<\/li>\n<li style=\"text-align: left;\">n\u00e4in sovellat keskiaikaista resepti\u00e4<\/li>\n<\/ul>\n<p style=\"text-align: center;\">Tutustu my\u00f6s muuhun tarjontaamme:\u00a0<a href=\"https:\/\/neulakko.net\/iloinenjoutsen\/mita-teemme\/tyonaytoksia\/\">Ty\u00f6n\u00e4yt\u00f6ksi\u00e4<\/a>\u00a0 \u00a4\u00a0\u00a0<a href=\"https:\/\/neulakko.net\/iloinenjoutsen\/?page_id=134\">Keskiajan muoti<\/a>\u00a0\u00a4\u00a0<a href=\"https:\/\/neulakko.net\/iloinenjoutsen\/?page_id=136\">Keskiajan ruoka<\/a><\/p>\n<div id=\"attachment_19\" style=\"width: 691px\" class=\"wp-caption aligncenter\"><img loading=\"lazy\" decoding=\"async\" aria-describedby=\"caption-attachment-19\" class=\"wp-image-19\" src=\"https:\/\/neulakko.net\/iloinenjoutsen\/wp-content\/uploads\/2018\/03\/IMG_2558-1024x768.jpg\" alt=\"\" width=\"681\" height=\"511\" srcset=\"https:\/\/neulakko.net\/iloinenjoutsen\/wp-content\/uploads\/2018\/03\/IMG_2558-1024x768.jpg 1024w, https:\/\/neulakko.net\/iloinenjoutsen\/wp-content\/uploads\/2018\/03\/IMG_2558-300x225.jpg 300w, https:\/\/neulakko.net\/iloinenjoutsen\/wp-content\/uploads\/2018\/03\/IMG_2558-768x576.jpg 768w, https:\/\/neulakko.net\/iloinenjoutsen\/wp-content\/uploads\/2018\/03\/IMG_2558-1440x1080.jpg 1440w\" sizes=\"auto, (max-width: 681px) 100vw, 681px\" \/><p id=\"caption-attachment-19\" class=\"wp-caption-text\">Riku tutustuttaa keskiajan valaistukseen Turun linnassa<\/p><\/div>\n<p>&nbsp;<\/p>\n<div id=\"attachment_16\" style=\"width: 611px\" class=\"wp-caption aligncenter\"><img loading=\"lazy\" decoding=\"async\" aria-describedby=\"caption-attachment-16\" class=\"wp-image-16\" src=\"https:\/\/neulakko.net\/iloinenjoutsen\/wp-content\/uploads\/2018\/03\/IMG_2566-1024x768.jpg\" alt=\"\" width=\"601\" height=\"451\" srcset=\"https:\/\/neulakko.net\/iloinenjoutsen\/wp-content\/uploads\/2018\/03\/IMG_2566-1024x768.jpg 1024w, https:\/\/neulakko.net\/iloinenjoutsen\/wp-content\/uploads\/2018\/03\/IMG_2566-300x225.jpg 300w, https:\/\/neulakko.net\/iloinenjoutsen\/wp-content\/uploads\/2018\/03\/IMG_2566-768x576.jpg 768w, https:\/\/neulakko.net\/iloinenjoutsen\/wp-content\/uploads\/2018\/03\/IMG_2566-1440x1080.jpg 1440w\" sizes=\"auto, (max-width: 601px) 100vw, 601px\" \/><p id=\"caption-attachment-16\" class=\"wp-caption-text\">Saara kertoo keskiajan ruuasta Ritarip\u00e4ivill\u00e4<\/p><\/div>\n","protected":false},"excerpt":{"rendered":"<p>Kiinnostaako keskiaika? Haluatko oppia lis\u00e4\u00e4 keskiajan kulttuurista tai k\u00e4dentaidoista?\u00a0 Iloisen joutsenen sanavalmiit ja k\u00e4rsiv\u00e4lliset opettajat vet\u00e4v\u00e4t kiinnostavia luentoja, tietoiskuja ja k\u00e4sity\u00f6kursseja. Voit opetella yhden uuden taidon tai laajemman kokonaisuuden. Aiheita on monia, kysy niist\u00e4 lis\u00e4\u00e4! Luentoja ja opetusta mm.: puulusikan veist\u00e4minen lautanauhatekniikka neulakinnastekniikka keskiajan vaateparsi &#8211; pukeutuminen p\u00e4\u00e4st\u00e4 varpaisiin n\u00e4in ompelet tukevan alusmekon keskiajan valaistus&hellip; <br \/> <a class=\"read-more\" href=\"https:\/\/neulakko.net\/iloinenjoutsen\/mita-teemme\/opetus-ja-luennot\/\">Read more<\/a><\/p>\n","protected":false},"author":1,"featured_media":19,"parent":130,"menu_order":0,"comment_status":"closed","ping_status":"closed","template":"","meta":{"footnotes":""},"class_list":["post-138","page","type-page","status-publish","has-post-thumbnail","hentry"],"_links":{"self":[{"href":"https:\/\/neulakko.net\/iloinenjoutsen\/wp-json\/wp\/v2\/pages\/138","targetHints":{"allow":["GET"]}}],"collection":[{"href":"https:\/\/neulakko.net\/iloinenjoutsen\/wp-json\/wp\/v2\/pages"}],"about":[{"href":"https:\/\/neulakko.net\/iloinenjoutsen\/wp-json\/wp\/v2\/types\/page"}],"author":[{"embeddable":true,"href":"https:\/\/neulakko.net\/iloinenjoutsen\/wp-json\/wp\/v2\/users\/1"}],"replies":[{"embeddable":true,"href":"https:\/\/neulakko.net\/iloinenjoutsen\/wp-json\/wp\/v2\/comments?post=138"}],"version-history":[{"count":5,"href":"https:\/\/neulakko.net\/iloinenjoutsen\/wp-json\/wp\/v2\/pages\/138\/revisions"}],"predecessor-version":[{"id":269,"href":"https:\/\/neulakko.net\/iloinenjoutsen\/wp-json\/wp\/v2\/pages\/138\/revisions\/269"}],"up":[{"embeddable":true,"href":"https:\/\/neulakko.net\/iloinenjoutsen\/wp-json\/wp\/v2\/pages\/130"}],"wp:featuredmedia":[{"embeddable":true,"href":"https:\/\/neulakko.net\/iloinenjoutsen\/wp-json\/wp\/v2\/media\/19"}],"wp:attachment":[{"href":"https:\/\/neulakko.net\/iloinenjoutsen\/wp-json\/wp\/v2\/media?parent=138"}],"curies":[{"name":"wp","href":"https:\/\/api.w.org\/{rel}","templated":true}]}}