{"id":136,"date":"2018-04-04T13:36:30","date_gmt":"2018-04-04T13:36:30","guid":{"rendered":"https:\/\/neulakko.net\/iloinenjoutsen\/?page_id=136"},"modified":"2018-04-18T12:49:47","modified_gmt":"2018-04-18T12:49:47","slug":"keskiajan-ruokaa","status":"publish","type":"page","link":"https:\/\/neulakko.net\/iloinenjoutsen\/mita-teemme\/keskiajan-ruokaa\/","title":{"rendered":"Keskiajan ruokaa"},"content":{"rendered":"<p><i><span style=\"font-weight: 400;\">Piirakoita, puuroja ja paisteja &#8211; ent\u00e4 muuta? Mit\u00e4 keskiajalla sy\u00f6tiin ja juotiin? Miten ruoka ja juoma valmistettiin? Kuka s\u00f6i mit\u00e4?<\/span><\/i><\/p>\n<p>Iloisen Joutsenen keskiaikaisen ruoan asiantuntijat tarjoavat maukkaan vastauksen n\u00e4ihin ja muihin kysymyksiin. Perehdyt\u00e4mme keskiaikaisen keittotaidon salaisuuksiin ja avaamme uusia makumaailmoja.<\/p>\n<p>Tarjoamme mm. :<\/p>\n<ul>\n<li>Kokkausty\u00f6pajoja ja kursseja keskiaikaisesta ruuasta<\/li>\n<li>Luentoja keskiajan ruoka- ja juomakulttuurista<\/li>\n<li>Huom: ei cateringpalveluja<\/li>\n<\/ul>\n<p>Kysy lis\u00e4\u00e4 tarjonnastamme!<\/p>\n<p style=\"text-align: center;\">Tutustu my\u00f6s muuhun tarjontaamme:\u00a0<a href=\"https:\/\/neulakko.net\/iloinenjoutsen\/?page_id=138\">Luennot ja opetus<\/a>\u00a0 \u00a4\u00a0<a href=\"https:\/\/neulakko.net\/iloinenjoutsen\/mita-teemme\/tyonaytoksia\/\">\u00a0Ty\u00f6n\u00e4yt\u00f6ksi\u00e4<\/a>\u00a0\u00a4\u00a0<a href=\"https:\/\/neulakko.net\/iloinenjoutsen\/mita-teemme\/keskiajan-muotia\/\">Keskiajan muotia<\/a><\/p>\n<p>&nbsp;<\/p>\n<div id=\"attachment_226\" style=\"width: 547px\" class=\"wp-caption aligncenter\"><img loading=\"lazy\" decoding=\"async\" aria-describedby=\"caption-attachment-226\" class=\"wp-image-226\" src=\"https:\/\/neulakko.net\/iloinenjoutsen\/wp-content\/uploads\/2018\/04\/fullsizeoutput_634d-768x1024.jpeg\" alt=\"\" width=\"537\" height=\"716\" srcset=\"https:\/\/neulakko.net\/iloinenjoutsen\/wp-content\/uploads\/2018\/04\/fullsizeoutput_634d-768x1024.jpeg 768w, https:\/\/neulakko.net\/iloinenjoutsen\/wp-content\/uploads\/2018\/04\/fullsizeoutput_634d-225x300.jpeg 225w, https:\/\/neulakko.net\/iloinenjoutsen\/wp-content\/uploads\/2018\/04\/fullsizeoutput_634d-1024x1365.jpeg 1024w, https:\/\/neulakko.net\/iloinenjoutsen\/wp-content\/uploads\/2018\/04\/fullsizeoutput_634d-810x1080.jpeg 810w\" sizes=\"auto, (max-width: 537px) 100vw, 537px\" \/><p id=\"caption-attachment-226\" class=\"wp-caption-text\">Keskiaikainen ateria valmistuu avotulella leirin keitti\u00f6ss\u00e4<\/p><\/div>\n<div id=\"attachment_22\" style=\"width: 592px\" class=\"wp-caption aligncenter\"><img loading=\"lazy\" decoding=\"async\" aria-describedby=\"caption-attachment-22\" class=\"wp-image-22\" src=\"https:\/\/neulakko.net\/iloinenjoutsen\/wp-content\/uploads\/2018\/03\/IMG_1054.jpg\" alt=\"\" width=\"582\" height=\"436\" srcset=\"https:\/\/neulakko.net\/iloinenjoutsen\/wp-content\/uploads\/2018\/03\/IMG_1054.jpg 960w, https:\/\/neulakko.net\/iloinenjoutsen\/wp-content\/uploads\/2018\/03\/IMG_1054-300x225.jpg 300w, https:\/\/neulakko.net\/iloinenjoutsen\/wp-content\/uploads\/2018\/03\/IMG_1054-768x576.jpg 768w\" sizes=\"auto, (max-width: 582px) 100vw, 582px\" \/><p id=\"caption-attachment-22\" class=\"wp-caption-text\">Ruuanlaitto sujuu yht\u00e4 hyvin linnan keitti\u00f6ss\u00e4.<\/p><\/div>\n<div id=\"attachment_16\" style=\"width: 608px\" class=\"wp-caption aligncenter\"><img loading=\"lazy\" decoding=\"async\" aria-describedby=\"caption-attachment-16\" class=\"wp-image-16\" src=\"https:\/\/neulakko.net\/iloinenjoutsen\/wp-content\/uploads\/2018\/03\/IMG_2566-1024x768.jpg\" alt=\"\" width=\"598\" height=\"448\" srcset=\"https:\/\/neulakko.net\/iloinenjoutsen\/wp-content\/uploads\/2018\/03\/IMG_2566-1024x768.jpg 1024w, https:\/\/neulakko.net\/iloinenjoutsen\/wp-content\/uploads\/2018\/03\/IMG_2566-300x225.jpg 300w, https:\/\/neulakko.net\/iloinenjoutsen\/wp-content\/uploads\/2018\/03\/IMG_2566-768x576.jpg 768w, https:\/\/neulakko.net\/iloinenjoutsen\/wp-content\/uploads\/2018\/03\/IMG_2566-1440x1080.jpg 1440w\" sizes=\"auto, (max-width: 598px) 100vw, 598px\" \/><p id=\"caption-attachment-16\" class=\"wp-caption-text\">Ilman keitti\u00f6t\u00e4 voi silti pit\u00e4\u00e4 luentoja ja tietoiskuja keskiajan ruuasta. Reseptit jakoon!<\/p><\/div>\n<p>&nbsp;<\/p>\n","protected":false},"excerpt":{"rendered":"<p>Piirakoita, puuroja ja paisteja &#8211; ent\u00e4 muuta? Mit\u00e4 keskiajalla sy\u00f6tiin ja juotiin? Miten ruoka ja juoma valmistettiin? Kuka s\u00f6i mit\u00e4? Iloisen Joutsenen keskiaikaisen ruoan asiantuntijat tarjoavat maukkaan vastauksen n\u00e4ihin ja muihin kysymyksiin. Perehdyt\u00e4mme keskiaikaisen keittotaidon salaisuuksiin ja avaamme uusia makumaailmoja. Tarjoamme mm. : Kokkausty\u00f6pajoja ja kursseja keskiaikaisesta ruuasta Luentoja keskiajan ruoka- ja juomakulttuurista Huom: ei&hellip; <br \/> <a class=\"read-more\" href=\"https:\/\/neulakko.net\/iloinenjoutsen\/mita-teemme\/keskiajan-ruokaa\/\">Read more<\/a><\/p>\n","protected":false},"author":1,"featured_media":17,"parent":130,"menu_order":0,"comment_status":"closed","ping_status":"closed","template":"","meta":{"footnotes":""},"class_list":["post-136","page","type-page","status-publish","has-post-thumbnail","hentry"],"_links":{"self":[{"href":"https:\/\/neulakko.net\/iloinenjoutsen\/wp-json\/wp\/v2\/pages\/136","targetHints":{"allow":["GET"]}}],"collection":[{"href":"https:\/\/neulakko.net\/iloinenjoutsen\/wp-json\/wp\/v2\/pages"}],"about":[{"href":"https:\/\/neulakko.net\/iloinenjoutsen\/wp-json\/wp\/v2\/types\/page"}],"author":[{"embeddable":true,"href":"https:\/\/neulakko.net\/iloinenjoutsen\/wp-json\/wp\/v2\/users\/1"}],"replies":[{"embeddable":true,"href":"https:\/\/neulakko.net\/iloinenjoutsen\/wp-json\/wp\/v2\/comments?post=136"}],"version-history":[{"count":3,"href":"https:\/\/neulakko.net\/iloinenjoutsen\/wp-json\/wp\/v2\/pages\/136\/revisions"}],"predecessor-version":[{"id":250,"href":"https:\/\/neulakko.net\/iloinenjoutsen\/wp-json\/wp\/v2\/pages\/136\/revisions\/250"}],"up":[{"embeddable":true,"href":"https:\/\/neulakko.net\/iloinenjoutsen\/wp-json\/wp\/v2\/pages\/130"}],"wp:featuredmedia":[{"embeddable":true,"href":"https:\/\/neulakko.net\/iloinenjoutsen\/wp-json\/wp\/v2\/media\/17"}],"wp:attachment":[{"href":"https:\/\/neulakko.net\/iloinenjoutsen\/wp-json\/wp\/v2\/media?parent=136"}],"curies":[{"name":"wp","href":"https:\/\/api.w.org\/{rel}","templated":true}]}}