{"id":132,"date":"2018-04-04T13:35:08","date_gmt":"2018-04-04T13:35:08","guid":{"rendered":"https:\/\/neulakko.net\/iloinenjoutsen\/?page_id=132"},"modified":"2018-04-20T16:43:06","modified_gmt":"2018-04-20T16:43:06","slug":"tyonaytoksia","status":"publish","type":"page","link":"https:\/\/neulakko.net\/iloinenjoutsen\/mita-teemme\/tyonaytoksia\/","title":{"rendered":"Ty\u00f6n\u00e4yt\u00f6ksi\u00e4"},"content":{"rendered":"<p><em>Miten raakavillasta syntyy vaate? Miten tehtiin astioita? Miten tavaroita valmistettiin ennen s\u00e4hk\u00f6n ja muovin keksimist\u00e4?<\/em><\/p>\n<p>Iloisen joutsenen ty\u00f6n\u00e4yt\u00f6ksiss\u00e4 yleis\u00f6 p\u00e4\u00e4see n\u00e4kem\u00e4\u00e4n, miten arkiset k\u00e4ytt\u00f6esineet syntyv\u00e4t k\u00e4sity\u00f6n\u00e4 keskiaikaisin menetelmin. N\u00e4e miten tehd\u00e4\u00e4n puulusikka tai sorvattu kulho. Opi millaista on\u00a0karstaaminen, kehr\u00e4\u00e4minen, lautanauhan kutominen tai keskiaikainen r\u00e4\u00e4t\u00e4linty\u00f6.\u00a0 Tarvittaessa pystyt\u00e4mme keitti\u00f6n, jossa avotulella valmistuu kokonaisia aterioita keskiaikaisten reseptien mukaan.<\/p>\n<p>Ty\u00f6skentelytapamme perustuvat tietoihin keskiajan k\u00e4sity\u00f6menetelmist\u00e4. Ty\u00f6kalumme ovat kopioita keskiaikaisista v\u00e4lineist\u00e4 sek\u00e4 materiaalit aitoja ja ajanmukaisia. Ty\u00f6n\u00e4yt\u00f6ksiss\u00e4 yleis\u00f6 saa monenlaisia kokemuksia: voi kysy\u00e4, hypistell\u00e4 ja kokeilla.<\/p>\n<h4 style=\"text-align: left;\">Ty\u00f6n\u00e4yt\u00f6ksiss\u00e4mme voit n\u00e4hd\u00e4 esimerkiksi:<\/h4>\n<ul style=\"text-align: left;\">\n<li>Luonnonv\u00e4reill\u00e4 v\u00e4rj\u00e4\u00e4mist\u00e4<\/li>\n<li>Langan kehr\u00e4\u00e4mist\u00e4 v\u00e4rttin\u00e4ll\u00e4<\/li>\n<li>Puuastioiden valmistusta polkusorvilla<\/li>\n<li>Puuesineiden veist\u00e4mist\u00e4<\/li>\n<li>Sukkien ja lapasten valmistusta neulakinnastekniikalla<\/li>\n<li>Lautanauhan kutomista<\/li>\n<li>Vaatteiden valmistusta<\/li>\n<li>Kirjontaa<\/li>\n<li>Kynttil\u00f6iden valamista<\/li>\n<li>Ruuanlaittoa avotulella<\/li>\n<li>Leipomista<\/li>\n<li>Kankaan kutomista pystykangaspuissa<\/li>\n<\/ul>\n<p style=\"text-align: left;\">Kehittelemme my\u00f6s tarpeiden ja toiveiden mukaan uusia ideoita!<\/p>\n<p style=\"text-align: center;\">Tutustu my\u00f6s muuhun tarjontaamme: <a href=\"https:\/\/neulakko.net\/iloinenjoutsen\/?page_id=138\">Luennot ja opetus<\/a>\u00a0 \u00a4\u00a0\u00a0<a href=\"https:\/\/neulakko.net\/iloinenjoutsen\/?page_id=134\">Keskiajan muoti<\/a>\u00a0\u00a4\u00a0<a href=\"https:\/\/neulakko.net\/iloinenjoutsen\/?page_id=136\">Keskiajan ruoka<\/a><\/p>\n<div id=\"attachment_228\" style=\"width: 515px\" class=\"wp-caption aligncenter\"><img loading=\"lazy\" decoding=\"async\" aria-describedby=\"caption-attachment-228\" class=\"wp-image-228\" src=\"https:\/\/neulakko.net\/iloinenjoutsen\/wp-content\/uploads\/2018\/04\/fullsizeoutput_626c-768x1024.jpeg\" alt=\"\" width=\"505\" height=\"674\" srcset=\"https:\/\/neulakko.net\/iloinenjoutsen\/wp-content\/uploads\/2018\/04\/fullsizeoutput_626c-768x1024.jpeg 768w, https:\/\/neulakko.net\/iloinenjoutsen\/wp-content\/uploads\/2018\/04\/fullsizeoutput_626c-225x300.jpeg 225w, https:\/\/neulakko.net\/iloinenjoutsen\/wp-content\/uploads\/2018\/04\/fullsizeoutput_626c-1024x1365.jpeg 1024w, https:\/\/neulakko.net\/iloinenjoutsen\/wp-content\/uploads\/2018\/04\/fullsizeoutput_626c-810x1080.jpeg 810w\" sizes=\"auto, (max-width: 505px) 100vw, 505px\" \/><p id=\"caption-attachment-228\" class=\"wp-caption-text\">Polkusorvissa valmistetaan puisia kulhoja<\/p><\/div>\n<div id=\"attachment_14\" style=\"width: 599px\" class=\"wp-caption aligncenter\"><img loading=\"lazy\" decoding=\"async\" aria-describedby=\"caption-attachment-14\" class=\"wp-image-14\" src=\"https:\/\/neulakko.net\/iloinenjoutsen\/wp-content\/uploads\/2018\/03\/IMG_9121-1024x768.jpg\" alt=\"\" width=\"589\" height=\"442\" srcset=\"https:\/\/neulakko.net\/iloinenjoutsen\/wp-content\/uploads\/2018\/03\/IMG_9121-1024x768.jpg 1024w, https:\/\/neulakko.net\/iloinenjoutsen\/wp-content\/uploads\/2018\/03\/IMG_9121-300x225.jpg 300w, https:\/\/neulakko.net\/iloinenjoutsen\/wp-content\/uploads\/2018\/03\/IMG_9121-768x576.jpg 768w, https:\/\/neulakko.net\/iloinenjoutsen\/wp-content\/uploads\/2018\/03\/IMG_9121-1440x1080.jpg 1440w\" sizes=\"auto, (max-width: 589px) 100vw, 589px\" \/><p id=\"caption-attachment-14\" class=\"wp-caption-text\">Piirakoiden leipomista<\/p><\/div>\n<div id=\"attachment_150\" style=\"width: 641px\" class=\"wp-caption aligncenter\"><img loading=\"lazy\" decoding=\"async\" aria-describedby=\"caption-attachment-150\" class=\"wp-image-150\" src=\"https:\/\/neulakko.net\/iloinenjoutsen\/wp-content\/uploads\/2018\/04\/fullsizeoutput_12c-1024x768.jpeg\" alt=\"\" width=\"631\" height=\"473\" srcset=\"https:\/\/neulakko.net\/iloinenjoutsen\/wp-content\/uploads\/2018\/04\/fullsizeoutput_12c-1024x768.jpeg 1024w, https:\/\/neulakko.net\/iloinenjoutsen\/wp-content\/uploads\/2018\/04\/fullsizeoutput_12c-300x225.jpeg 300w, https:\/\/neulakko.net\/iloinenjoutsen\/wp-content\/uploads\/2018\/04\/fullsizeoutput_12c-768x576.jpeg 768w, https:\/\/neulakko.net\/iloinenjoutsen\/wp-content\/uploads\/2018\/04\/fullsizeoutput_12c-1440x1080.jpeg 1440w\" sizes=\"auto, (max-width: 631px) 100vw, 631px\" \/><p id=\"caption-attachment-150\" class=\"wp-caption-text\">Langan kehr\u00e4\u00e4mist\u00e4 v\u00e4rttin\u00e4ll\u00e4<\/p><\/div>\n<p>&nbsp;<\/p>\n","protected":false},"excerpt":{"rendered":"<p>Miten raakavillasta syntyy vaate? Miten tehtiin astioita? Miten tavaroita valmistettiin ennen s\u00e4hk\u00f6n ja muovin keksimist\u00e4? Iloisen joutsenen ty\u00f6n\u00e4yt\u00f6ksiss\u00e4 yleis\u00f6 p\u00e4\u00e4see n\u00e4kem\u00e4\u00e4n, miten arkiset k\u00e4ytt\u00f6esineet syntyv\u00e4t k\u00e4sity\u00f6n\u00e4 keskiaikaisin menetelmin. N\u00e4e miten tehd\u00e4\u00e4n puulusikka tai sorvattu kulho. Opi millaista on\u00a0karstaaminen, kehr\u00e4\u00e4minen, lautanauhan kutominen tai keskiaikainen r\u00e4\u00e4t\u00e4linty\u00f6.\u00a0 Tarvittaessa pystyt\u00e4mme keitti\u00f6n, jossa avotulella valmistuu kokonaisia aterioita keskiaikaisten reseptien mukaan.&hellip; <br \/> <a class=\"read-more\" href=\"https:\/\/neulakko.net\/iloinenjoutsen\/mita-teemme\/tyonaytoksia\/\">Read more<\/a><\/p>\n","protected":false},"author":1,"featured_media":228,"parent":130,"menu_order":0,"comment_status":"closed","ping_status":"closed","template":"","meta":{"footnotes":""},"class_list":["post-132","page","type-page","status-publish","has-post-thumbnail","hentry"],"_links":{"self":[{"href":"https:\/\/neulakko.net\/iloinenjoutsen\/wp-json\/wp\/v2\/pages\/132","targetHints":{"allow":["GET"]}}],"collection":[{"href":"https:\/\/neulakko.net\/iloinenjoutsen\/wp-json\/wp\/v2\/pages"}],"about":[{"href":"https:\/\/neulakko.net\/iloinenjoutsen\/wp-json\/wp\/v2\/types\/page"}],"author":[{"embeddable":true,"href":"https:\/\/neulakko.net\/iloinenjoutsen\/wp-json\/wp\/v2\/users\/1"}],"replies":[{"embeddable":true,"href":"https:\/\/neulakko.net\/iloinenjoutsen\/wp-json\/wp\/v2\/comments?post=132"}],"version-history":[{"count":9,"href":"https:\/\/neulakko.net\/iloinenjoutsen\/wp-json\/wp\/v2\/pages\/132\/revisions"}],"predecessor-version":[{"id":265,"href":"https:\/\/neulakko.net\/iloinenjoutsen\/wp-json\/wp\/v2\/pages\/132\/revisions\/265"}],"up":[{"embeddable":true,"href":"https:\/\/neulakko.net\/iloinenjoutsen\/wp-json\/wp\/v2\/pages\/130"}],"wp:featuredmedia":[{"embeddable":true,"href":"https:\/\/neulakko.net\/iloinenjoutsen\/wp-json\/wp\/v2\/media\/228"}],"wp:attachment":[{"href":"https:\/\/neulakko.net\/iloinenjoutsen\/wp-json\/wp\/v2\/media?parent=132"}],"curies":[{"name":"wp","href":"https:\/\/api.w.org\/{rel}","templated":true}]}}